{"id":1639,"date":"2014-12-11T12:02:56","date_gmt":"2014-12-11T12:02:56","guid":{"rendered":"http:\/\/wisedevel.tavex.se\/?page_id=1639"},"modified":"2015-10-07T12:13:14","modified_gmt":"2015-10-07T09:13:14","slug":"formular-for-penningoverforing-via-mobiltelefon","status":"publish","type":"page","link":"https:\/\/tavexwise.com\/sv\/formular-for-penningoverforing-via-mobiltelefon\/","title":{"rendered":"Formul\u00e4r f\u00f6r penning\u00f6verf\u00f6ring via mobiltelefon"},"content":{"rendered":"","protected":false},"excerpt":{"rendered":"","protected":false},"author":9,"featured_media":0,"parent":0,"menu_order":0,"comment_status":"closed","ping_status":"closed","template":"page-m-calculator-transfer.php","meta":[],"yoast_head":"<!-- This site is optimized with the Yoast SEO plugin v19.13 - https:\/\/yoast.com\/wordpress\/plugins\/seo\/ -->\n<title>TavexWise<\/title>\n<meta name=\"robots\" content=\"noindex, nofollow\" \/>\n<meta property=\"og:locale\" content=\"sv_SE\" \/>\n<meta property=\"og:type\" content=\"article\" \/>\n<meta property=\"og:url\" content=\"https:\/\/tavexwise.com\/sv\/formular-for-penningoverforing-via-mobiltelefon\/\" \/>\n<meta property=\"og:site_name\" content=\"TavexWise\" \/>\n<meta property=\"article:modified_time\" content=\"2015-10-07T09:13:14+00:00\" \/>\n<script type=\"application\/ld+json\" class=\"yoast-schema-graph\">{\"@context\":\"https:\/\/schema.org\",\"@graph\":[{\"@type\":\"WebPage\",\"@id\":\"https:\/\/tavexwise.com\/sv\/formular-for-penningoverforing-via-mobiltelefon\/\",\"url\":\"https:\/\/tavexwise.com\/sv\/formular-for-penningoverforing-via-mobiltelefon\/\",\"name\":\"\",\"isPartOf\":{\"@id\":\"https:\/\/tavexwise.com\/sv\/#website\"},\"datePublished\":\"2014-12-11T12:02:56+00:00\",\"dateModified\":\"2015-10-07T09:13:14+00:00\",\"breadcrumb\":{\"@id\":\"https:\/\/tavexwise.com\/sv\/formular-for-penningoverforing-via-mobiltelefon\/#breadcrumb\"},\"inLanguage\":\"sv-SE\",\"potentialAction\":[{\"@type\":\"ReadAction\",\"target\":[\"https:\/\/tavexwise.com\/sv\/formular-for-penningoverforing-via-mobiltelefon\/\"]}]},{\"@type\":\"BreadcrumbList\",\"@id\":\"https:\/\/tavexwise.com\/sv\/formular-for-penningoverforing-via-mobiltelefon\/#breadcrumb\",\"itemListElement\":[{\"@type\":\"ListItem\",\"position\":1,\"name\":\"Home\",\"item\":\"https:\/\/tavexwise.com\/sv\/\"},{\"@type\":\"ListItem\",\"position\":2,\"name\":\"Formul\u00e4r f\u00f6r penning\u00f6verf\u00f6ring via mobiltelefon\"}]},{\"@type\":\"WebSite\",\"@id\":\"https:\/\/tavexwise.com\/sv\/#website\",\"url\":\"https:\/\/tavexwise.com\/sv\/\",\"name\":\"TavexWise\",\"description\":\"Send Money Abroad in 5 Minutes with TavexWise\",\"potentialAction\":[{\"@type\":\"SearchAction\",\"target\":{\"@type\":\"EntryPoint\",\"urlTemplate\":\"https:\/\/tavexwise.com\/sv\/?s={search_term_string}\"},\"query-input\":\"required name=search_term_string\"}],\"inLanguage\":\"sv-SE\"}]}<\/script>\n<!-- \/ Yoast SEO plugin. -->","yoast_head_json":{"title":"TavexWise","robots":{"index":"noindex","follow":"nofollow"},"og_locale":"sv_SE","og_type":"article","og_url":"https:\/\/tavexwise.com\/sv\/formular-for-penningoverforing-via-mobiltelefon\/","og_site_name":"TavexWise","article_modified_time":"2015-10-07T09:13:14+00:00","schema":{"@context":"https:\/\/schema.org","@graph":[{"@type":"WebPage","@id":"https:\/\/tavexwise.com\/sv\/formular-for-penningoverforing-via-mobiltelefon\/","url":"https:\/\/tavexwise.com\/sv\/formular-for-penningoverforing-via-mobiltelefon\/","name":"","isPartOf":{"@id":"https:\/\/tavexwise.com\/sv\/#website"},"datePublished":"2014-12-11T12:02:56+00:00","dateModified":"2015-10-07T09:13:14+00:00","breadcrumb":{"@id":"https:\/\/tavexwise.com\/sv\/formular-for-penningoverforing-via-mobiltelefon\/#breadcrumb"},"inLanguage":"sv-SE","potentialAction":[{"@type":"ReadAction","target":["https:\/\/tavexwise.com\/sv\/formular-for-penningoverforing-via-mobiltelefon\/"]}]},{"@type":"BreadcrumbList","@id":"https:\/\/tavexwise.com\/sv\/formular-for-penningoverforing-via-mobiltelefon\/#breadcrumb","itemListElement":[{"@type":"ListItem","position":1,"name":"Home","item":"https:\/\/tavexwise.com\/sv\/"},{"@type":"ListItem","position":2,"name":"Formul\u00e4r f\u00f6r penning\u00f6verf\u00f6ring via mobiltelefon"}]},{"@type":"WebSite","@id":"https:\/\/tavexwise.com\/sv\/#website","url":"https:\/\/tavexwise.com\/sv\/","name":"TavexWise","description":"Send Money Abroad in 5 Minutes with TavexWise","potentialAction":[{"@type":"SearchAction","target":{"@type":"EntryPoint","urlTemplate":"https:\/\/tavexwise.com\/sv\/?s={search_term_string}"},"query-input":"required name=search_term_string"}],"inLanguage":"sv-SE"}]}},"_links":{"self":[{"href":"https:\/\/tavexwise.com\/sv\/wp-json\/wp\/v2\/pages\/1639"}],"collection":[{"href":"https:\/\/tavexwise.com\/sv\/wp-json\/wp\/v2\/pages"}],"about":[{"href":"https:\/\/tavexwise.com\/sv\/wp-json\/wp\/v2\/types\/page"}],"author":[{"embeddable":true,"href":"https:\/\/tavexwise.com\/sv\/wp-json\/wp\/v2\/users\/9"}],"replies":[{"embeddable":true,"href":"https:\/\/tavexwise.com\/sv\/wp-json\/wp\/v2\/comments?post=1639"}],"version-history":[{"count":3,"href":"https:\/\/tavexwise.com\/sv\/wp-json\/wp\/v2\/pages\/1639\/revisions"}],"predecessor-version":[{"id":2253,"href":"https:\/\/tavexwise.com\/sv\/wp-json\/wp\/v2\/pages\/1639\/revisions\/2253"}],"wp:attachment":[{"href":"https:\/\/tavexwise.com\/sv\/wp-json\/wp\/v2\/media?parent=1639"}],"curies":[{"name":"wp","href":"https:\/\/api.w.org\/{rel}","templated":true}]}}