{"id":1629,"date":"2014-12-15T07:58:14","date_gmt":"2014-12-15T07:58:14","guid":{"rendered":"http:\/\/wisedevel.tavex.se\/?page_id=1629"},"modified":"2022-01-19T13:46:25","modified_gmt":"2022-01-19T11:46:25","slug":"villkor-och-bestammelser","status":"publish","type":"page","link":"https:\/\/tavexwise.com\/sv\/villkor-och-bestammelser\/","title":{"rendered":"Villkor och best\u00e4mmelser"},"content":{"rendered":"<div class=\"row\">\n<div class=\"col-lg-8 col-md-12 col-sm-12 col-xs-12\">\n<ol>\n<li>\n<h4>Avtalets parter<\/h4>\n<\/li>\n<\/ol>\n<p>1.1.\u00a0Tj\u00e4nsten tillhandah\u00e5lls av TavexWise AS, org nr 12641402, adress Aia 5, Tallinn\u00a0(nedan kallad &#8221;Tj\u00e4nsteleverant\u00f6r&#8221;).<\/p>\n<p>1.2. Tj\u00e4nstemottagaren, d.v.s. kunden, \u00e4r en fysisk eller juridisk person till vilken\u00a0Tj\u00e4nsteleverant\u00f6ren levererar tj\u00e4nster angivna i paragraf 3.2 (nedan kallad \u201dKund\u201d).<\/p>\n<p>1.3. Tj\u00e4nsteleverant\u00f6ren och Kunden \u00e4r nedan var f\u00f6r sig kallade f\u00f6r \u201dPart\u201d och\u00a0tillsammans f\u00f6r \u201dParterna\u201d.<\/p>\n<ol start=\"2\">\n<li>\n<h4>Allm\u00e4nt<\/h4>\n<\/li>\n<\/ol>\n<p>2.1.\u00a0Tj\u00e4nsteleverant\u00f6ren och Kunden avtalar h\u00e4rmed om grundl\u00e4ggande regler som\u00a0ska g\u00e4lla vid utf\u00f6rande av transaktioner som villkor och best\u00e4mmelser f\u00f6r utf\u00f6rande\u00a0av transaktioner (nedan kallade \u201dVillkor och best\u00e4mmelser\u201d).<\/p>\n<p>2.2.\u00a0Dessa villkor och best\u00e4mmelser \u00e4r en oskiljaktig del av kundavtalet som tecknas\u00a0mellan Tj\u00e4nsteleverant\u00f6ren och Kunden.<\/p>\n<p>2.3. Dessa villkor och best\u00e4mmelser till\u00e4mpas \u00e4ven p\u00e5 andra transaktioner som\u00a0tillhandah\u00e5lls av Tj\u00e4nsteleverant\u00f6ren, men som inte h\u00e4rr\u00f6r fr\u00e5n ett g\u00e4llande\u00a0kundavtal.<\/p>\n<p>2.4. F\u00f6rteckning \u00f6ver och beskrivning av alla tj\u00e4nster som Tj\u00e4nsteleverant\u00f6ren\u00a0tillhandah\u00e5ller finns tillg\u00e4nglig p\u00e5 Tj\u00e4nsteleverant\u00f6rens webbsida p\u00e5 adressen\u00a0tavexwise.com\/generalterms och hos alla Tj\u00e4nsteleverant\u00f6rens ombud.<\/p>\n<p>2.5. Kundavtalet kan tecknas b\u00e5de muntligt och skriftligt.<\/p>\n<ol start=\"3\">\n<li>\n<h4>Definitioner<\/h4>\n<\/li>\n<\/ol>\n<p>3.1.\u00a0Med betaltj\u00e4nster avses betaltj\u00e4nster enligt best\u00e4mmelser om betalningsinstitut\u00a0och institut f\u00f6r elektroniska pengar (PIEIA), vars tillhandah\u00e5llande kr\u00e4ver tillst\u00e5nd\u00a0av Finansinspektionen.<\/p>\n<p>3.2.\u00a0Penning\u00f6verf\u00f6ring \u00e4r en betaltj\u00e4nst enligt 3 \u00a7 1 st p 6 PIEIA, d\u00e4r mottagaren av\u00a0en betalningsorder (TavexWise AS eller dess ombud) \u00f6verf\u00f6r pengar till en\u00a0betalningsmottagare p\u00e5 ordergivarens v\u00e4gnar och enligt ordergivarens instruktioner.<\/p>\n<p>3.3. Betalare \u00e4r en person som l\u00e4mnar en betalningsorder.<\/p>\n<p>3.4. Betalningsmottagare \u00e4r en person som \u00e4r den avsedda mottagaren av medel\u00a0enligt betalningsordern.<\/p>\n<p>3.5.\u00a0Betalningstransaktion \u00e4r en ins\u00e4ttning, ett uttag eller en \u00f6verf\u00f6ring av medel oberoende av eventuella underliggande f\u00f6rpliktelser mellan betalaren och\u00a0betalningsmottagaren.<\/p>\n<p>3.6.\u00a0Betalningsorder \u00e4r en order (instruktion) som en betalare ger till betaltj\u00e4nstens\u00a0leverant\u00f6r om att en betalningstransaktion ska genomf\u00f6ras.<\/p>\n<p>3.7.\u00a0Ombud \u00e4r en auktoriserad representant f\u00f6r betalningsinstitutet som har r\u00e4tt att\u00a0tillhandah\u00e5lla betaltj\u00e4nster i betalningsinstitutets namn.<\/p>\n<ol start=\"4\">\n<li>\n<h4>Inneh\u00e5ll av tillhandah\u00e5llna tj\u00e4nster<\/h4>\n<\/li>\n<\/ol>\n<p>4.1.\u00a0Tj\u00e4nsteleverant\u00f6ren tillhandah\u00e5ller tj\u00e4nster angivna ovan i paragraf 3.2 sj\u00e4lv eller<\/p>\n<p>genom sina ombud.<\/p>\n<ol start=\"5\">\n<li>\n<h4>Kundidentifiering<\/h4>\n<\/li>\n<\/ol>\n<p>5.1. Identifiering<\/p>\n<p>5.1.1.\u00a0Kunden och\/eller dennes representant m\u00e5ste identifieras i enlighet med\u00a0Republiken Estlands lagar och enligt Tj\u00e4nsteleverant\u00f6rens villkor och best\u00e4mmelser.<\/p>\n<p>5.1.2.\u00a0Kunden och\/eller dennes representant identifieras p\u00e5 grundval av en\u00a0legitimationshandling som anges i listan \u00f6ver godk\u00e4nda legitimationshandlingar i\u00a0nationella f\u00f6reskrifter. Tj\u00e4nsteleverant\u00f6ren m\u00e5ste g\u00f6ra kopior\u00a0av de sidor i\u00a0handlingen som inneh\u00e5ller personuppgifter eller anteckningar.<\/p>\n<p>5.1.3.\u00a0En juridisk person som finns registrerad i Estland identifieras p\u00e5 grundval av\u00a0ett utdrag fr\u00e5n det elektroniska bolagsregistret. En utl\u00e4ndsk, juridisk persons identitet fastst\u00e4lls p\u00e5 grundval av ett utdrag fr\u00e5n ett beh\u00f6rigt register eller en avskrift av\u00a0personens registreringsbevis eller annat likv\u00e4rdigt dokument.<\/p>\n<p>5.2. F\u00f6retr\u00e4dare<\/p>\n<p>5.2.1.\u00a0Kunden f\u00f6ruts\u00e4tts fullg\u00f6ra sina skyldigheter och nyttja sina r\u00e4ttigheter enligt\u00a0detta avtal personligen eller genom en laglig f\u00f6retr\u00e4dare. Kunden eller dennes lagliga\u00a0f\u00f6retr\u00e4dare kan utse representanter vars r\u00e4tt att f\u00f6retr\u00e4da kunden inte h\u00e4rr\u00f6r fr\u00e5n\u00a0lag, utan endast g\u00e4ller hos Tj\u00e4nsteleverant\u00f6ren.<\/p>\n<p>5.2.2. Dokument som intygar r\u00e4tten att f\u00f6retr\u00e4da kunden, men som inte har tecknats hos Tj\u00e4nsteleverant\u00f6ren, m\u00e5ste bestyrkas av notarius publicus.<\/p>\n<p>5.2.3.\u00a0Tj\u00e4nsteleverant\u00f6ren ska v\u00e4gra att tillhandah\u00e5lla en tj\u00e4nst eller utf\u00f6ra en\u00a0transaktion om det uppst\u00e5r tvivel om personen som best\u00e4ller tj\u00e4nsten har r\u00e4tt att\u00a0g\u00f6ra det.<\/p>\n<p>5.2.4.\u00a0Kunden \u00e5tar sig att omg\u00e5ende informera Tj\u00e4nsteleverant\u00f6ren p\u00e5 ett s\u00e4tt som\u00a0m\u00f6jligg\u00f6r skriftlig \u00e5tergivning om personer angivna i Avtalet eller dess bilagor\u00a0fr\u00e5ntas r\u00e4tten att f\u00f6retr\u00e4da Kunden.<\/p>\n<p>5.3. Krav p\u00e5 dokument<\/p>\n<p>5.3.1.\u00a0Kunden \u00e4r f\u00f6rpliktigad att uppvisa dokument till Tj\u00e4nsteleverant\u00f6ren i original\u00a0eller i kopior bestyrkta av notarius publicus eller likv\u00e4rdigt.<\/p>\n<p>5.3.2. Tj\u00e4nsteleverant\u00f6ren har r\u00e4tt att f\u00f6ruts\u00e4tta att dokument inl\u00e4mnade av Kunden\u00a0\u00e4r \u00e4kta, giltiga och riktiga.<\/p>\n<p>5.3.3. Tj\u00e4nsteleverant\u00f6ren har r\u00e4tt att beg\u00e4ra legalisering eller apostillering av\u00a0dokument som \u00e4r utf\u00e4rdade utomlands om inte best\u00e4mmelser enligt en\u00a0\u00f6verenskommelse tr\u00e4ffad mellan Republiken Estland och landet i fr\u00e5ga f\u00f6reskriver\u00a0annat.<\/p>\n<p>5.3.4.\u00a0Vid dokument p\u00e5 fr\u00e4mmande spr\u00e5k har Tj\u00e4nsteleverant\u00f6ren r\u00e4tt att beg\u00e4ra\u00a0\u00f6vers\u00e4ttning av dokumentet till estniska eller annat spr\u00e5k som godk\u00e4nns av\u00a0Tj\u00e4nsteleverant\u00f6ren. \u00d6vers\u00e4ttningen m\u00e5ste vara bestyrkt av en auktoriserad\u00a0\u00f6vers\u00e4ttare eller notarius publicus.<\/p>\n<p>5.3.5.\u00a0Tj\u00e4nsteleverant\u00f6ren har r\u00e4tt att g\u00f6ra kopior av dokument som Kunden\u00a0uppvisar eller beh\u00e5lla inl\u00e4mnade originaldokument om det \u00e4r m\u00f6jligt.<\/p>\n<p>5.3.6.\u00a0Om Kunden har inl\u00e4mnat ett dokument som inte uppfyller kraven st\u00e4llda av\u00a0Tj\u00e4nsteleverant\u00f6ren eller vars \u00e4kthet v\u00e4cker tvivel hos Tj\u00e4nsteleverant\u00f6ren, har\u00a0Tj\u00e4nsteleverant\u00f6ren r\u00e4tt att inte fullg\u00f6ra Kundens order och beg\u00e4ra inl\u00e4mnande av\u00a0kompletterande dokument.<\/p>\n<ol start=\"6\">\n<li>\n<h4>\u00c5tg\u00e4rder mot penningtv\u00e4tt och finansiering av terrorism<\/h4>\n<\/li>\n<\/ol>\n<p>6.1.\u00a0Tj\u00e4nsteleverant\u00f6ren ska vidta \u00e5tg\u00e4rder som har f\u00f6reskrivits av estniska staten och\u00a0internationellt f\u00f6r bek\u00e4mpning av penningtv\u00e4tt och finansiering av terrorism samt\u00a0iaktta aktsamhets\u00e5tg\u00e4rder angivna i TavexWise AS\u2019 riktlinjer f\u00f6r bek\u00e4mpning av\u00a0penningtv\u00e4tt och finansiering av terrorism.<\/p>\n<p>6.2. Utg\u00e5ende fr\u00e5n ovan angivna handlingar har Tj\u00e4nsteleverant\u00f6ren r\u00e4tt att:<\/p>\n<p>6.2.1.\u00a0regelbundet verifiera uppgifter som ligger till grund f\u00f6r kundidentifiering och\u00a0beg\u00e4ra kompletterande dokument och uppgifter fr\u00e5n Kunden;<\/p>\n<p>6.2.2.\u00a0upprepa proceduren f\u00f6r identifiering av Kunden eller Kundens f\u00f6retr\u00e4dare om\u00a0Tj\u00e4nsteleverant\u00f6ren hyser tvivel r\u00f6rande informationen som l\u00e4mnades vid ursprunglig identifiering.<\/p>\n<p>6.2.3.\u00a0begr\u00e4nsa anv\u00e4ndningen av Betaltj\u00e4nster tempor\u00e4rt eller permanent;<\/p>\n<p>6.2.4.\u00a0beg\u00e4ra dokument och information om Kundens verksamhet, inklusive\u00a0uppgifter om Kundens avtalspartners, oms\u00e4ttning, andel av utlandsbetalningar,\u00a0transaktioner med kontanta och icke kontanta medel, samt uppgifter om\u00a0transaktionernas syfte och art och lagligheten av ursprunget f\u00f6r Kundens medel som\u00a0anv\u00e4nds i en transaktion;<\/p>\n<p>6.2.5.\u00a0be Kunden uppvisa dokument som transaktionerna grundar sig p\u00e5 (t.ex.\u00a0f\u00f6rs\u00e4ljnings-, hyres-och leveransavtal, dokument f\u00f6r varor mm.) samt uppgifter eller\u00a0dokument om motparten i transaktionen, faktiska f\u00f6rm\u00e5nstagare eller andra\u00a0personer med anknytning till transaktionen.<\/p>\n<ol start=\"7\">\n<li>\n<h4>Kundens order<\/h4>\n<\/li>\n<\/ol>\n<p>7.1.\u00a0Kunden ska framf\u00f6ra order och andra meddelanden i enlighet med best\u00e4mmelser\u00a0angivna i paragraf 12 i dessa villkor.<\/p>\n<p>En order kan inneb\u00e4ra utf\u00f6rande av en eller flera transaktioner.<\/p>\n<p>7.2. En order f\u00f6ruts\u00e4tts uttrycka Kundens vilja tills Kunden l\u00e4mnar en ny order\u00a0som h\u00e4ver den ursprungliga ordern. Tj\u00e4nsteleverant\u00f6ren ska enbart acceptera order\u00a0som har l\u00e4mnats i enlighet med avtalet tecknat mellan Kunden och\u00a0Tj\u00e4nsteleverant\u00f6ren och som inte strider mot estnisk lag.<\/p>\n<p>7.3.\u00a0N\u00e4r Kunden har \u00f6verf\u00f6rt de f\u00f6r tj\u00e4nstens tillhandah\u00e5llande n\u00f6dv\u00e4ndiga medlen till\u00a0Tj\u00e4nsteleverant\u00f6ren har den sistn\u00e4mnde r\u00e4tt att f\u00f6ruts\u00e4tta att Kunden har l\u00e4st\u00a0igenom och godk\u00e4nt alla villkor (inkl. avgifter och f\u00f6rfallodatum) som\u00a0Tj\u00e4nsteleverant\u00f6ren till\u00e4mpar p\u00e5 den aktuella tj\u00e4nsten.<\/p>\n<p>7.4.\u00a0Om Kunden har l\u00e4mnat en order som \u00e4r felaktig eller ofullst\u00e4ndig har\u00a0Tj\u00e4nsteleverant\u00f6ren r\u00e4tt att utf\u00f6ra ordern i enlighet med tidigare praxis som har\u00a0etablerats mellan Parterna, utg\u00e5ende fr\u00e5n god sed eller b\u00e4sta praxis eller r\u00e4tt att inte\u00a0utf\u00f6ra ordern. Om en order inte utf\u00f6rs m\u00e5ste Tj\u00e4nsteleverant\u00f6ren informera Kunden\u00a0d\u00e4rom.<\/p>\n<p>7.5.\u00a0Tj\u00e4nsteleverant\u00f6ren har r\u00e4tt att uppskjuta utf\u00f6randet av en order som Kunden\u00a0har l\u00e4mnat eller beg\u00e4ra att Kunden intygar med dokument att medel som anv\u00e4nds f\u00f6r\u00a0transaktionen har lagligt ursprung. Tj\u00e4nsteleverant\u00f6ren har r\u00e4tt att v\u00e4gra utf\u00f6ra en\u00a0tj\u00e4nst om inte Kunden l\u00e4mnar in erforderliga bevis som lagen f\u00f6reskriver eller som\u00a0Tj\u00e4nsteleverant\u00f6ren har beg\u00e4rt som intyg om att medel som anv\u00e4nds f\u00f6r\u00a0transaktionen har lagligt ursprung.<\/p>\n<ol start=\"8\">\n<li>\n<h4>Betalning<\/h4>\n<\/li>\n<\/ol>\n<p>8.1.\u00a0Kunden betalar till Tj\u00e4nsteleverant\u00f6ren f\u00f6r utf\u00f6rda tj\u00e4nster i enlighet med\u00a0Tj\u00e4nsteleverant\u00f6rens g\u00e4llande prislista som finns tillg\u00e4nglig p\u00e5 Tj\u00e4nsteleverant\u00f6rens\u00a0webbsida tavexwise.com\/pricelist, Kundavtalets villkor och best\u00e4mmelser och\u00a0betalningsvillkor angivna i fakturan som \u00e4r utst\u00e4lld till Kunden.<\/p>\n<p>8.2.\u00a0Enligt \u00f6verenskommelsen mellan Parterna sker all betalning f\u00f6r tj\u00e4nsterna i\u00a0f\u00f6rskott med kontanta medel, kort eller genom \u00f6verf\u00f6ring innan Betaltj\u00e4nstens\u00a0utf\u00f6rs.<\/p>\n<ol start=\"9\">\n<li>\n<h4>Konfidentialitet och behandling av personuppgifter<\/h4>\n<\/li>\n<\/ol>\n<p>9.1.\u00a0All information som kommer Parterna till k\u00e4nna under Avtalsperioden \u00e4r\u00a0konfidentiell och f\u00e5r inte yppas f\u00f6r tredje man eller offentligg\u00f6ras utan andra Partens\u00a0skriftliga godk\u00e4nnande som l\u00e4mnas i f\u00f6rv\u00e4g, f\u00f6rutom vid fall n\u00e4r skyldigheten att\u00a0l\u00e4mna ut s\u00e5dan information stadgas i lag.<\/p>\n<p>9.2.\u00a0F\u00f6r utf\u00f6rande av en tj\u00e4nst enligt g\u00e4llande krav har Tj\u00e4nsteleverant\u00f6ren r\u00e4tt att\u00a0vidarebefordra uppgifter om Kunden och dess f\u00f6retr\u00e4dare eller representanter till de\u00a0betalningsombud i vilka Tj\u00e4nsteleverant\u00f6ren \u00e4r majoritets\u00e4gare.<\/p>\n<p>9.3.\u00a0Restriktionen f\u00f6r yppande av konfidentiell information enligt paragraf 9.1 g\u00e4ller\u00a0inte f\u00f6r information som l\u00e4mnas till Partens revisor, kreditinstitut eller juridiska\u00a0r\u00e5dgivare.<\/p>\n<p>9.4.\u00a0Tj\u00e4nsteleverant\u00f6ren \u00e5tar sig att behandla Kundens och dess f\u00f6retr\u00e4dares\u00a0personuppgifter i enlighet med g\u00e4llande lagar.<\/p>\n<ol start=\"10\">\n<li>\n<h4>Avtalsperiod samt \u00e4ndring och upph\u00e4vande av avtalet<\/h4>\n<\/li>\n<\/ol>\n<p>10.1.\u00a0Kundavtalet har tecknats att g\u00e4lla tills vidare.<\/p>\n<p>10.2.\u00a0Parterna har r\u00e4tt att n\u00e4r som helst s\u00e4ga upp avtalet enligt \u00f6verenskommelse.\u00a0Parterna har r\u00e4tt att ensidigt s\u00e4ga upp avtalet genom att meddela den andra Parten\u00a0d\u00e4rom minst 30 dagar i f\u00f6rv\u00e4g. Om goda sk\u00e4l f\u00f6religger har Parten r\u00e4tt att skriftligt\u00a0upph\u00e4va Avtalet i f\u00f6rtid utan f\u00f6rvarning. Goda sk\u00e4l anses f\u00f6religga n\u00e4r det vid\u00a0beaktande av alla aspekter och avv\u00e4gning av b\u00e5da Parters intressen \u00e4r orimligt att\u00a0f\u00f6rv\u00e4nta av Parten att forts\u00e4tta fullg\u00f6ra Avtalet.<\/p>\n<p>10.3.\u00a0Avtalet f\u00e5r endast \u00e4ndras genom en skriftlig \u00f6verenskommelse mellan Parterna.\u00a0Tj\u00e4nsteleverant\u00f6ren har r\u00e4tt att ensidigt \u00e4ndra Avtalets allm\u00e4nna villkor och\u00a0best\u00e4mmelser, inklusive prislistan.<\/p>\n<p>10.4.\u00a0Kunden m\u00e5ste informeras om \u00e4ndringar i villkoren och om Kunden inte\u00a0godk\u00e4nner de nya villkoren har Kunden r\u00e4tt att upph\u00e4va Avtalet i f\u00f6rtid genom att\u00a0skriftligt meddela Tj\u00e4nsteleverant\u00f6ren d\u00e4rom inom 1 m\u00e5nad fr\u00e5n mottagande av\u00a0information om \u00e4ndringarna.<\/p>\n<p>10.5. Best\u00e4mmelser i paragraf 10.4 g\u00e4ller inte f\u00f6r \u00e4ndringar i prislistan.<\/p>\n<p>10.6. Om Kunden inte har upph\u00e4vt Avtalet inom den angivna tiden, betraktas\u00a0\u00e4ndringarna vara godk\u00e4nda av Kunden.<\/p>\n<p>10.7.\u00a0Avtalets upps\u00e4gning eller upph\u00e4vande p\u00e5verkar inte p\u00e5 n\u00e5got s\u00e4tt\u00a0Tj\u00e4nsteleverant\u00f6rens r\u00e4tt att driva in sina fordringar.<\/p>\n<ol start=\"11\">\n<li>\n<h4>Ansvar<\/h4>\n<\/li>\n<\/ol>\n<p>11.1.\u00a0Kunden ansvarar f\u00f6r skada som uppst\u00e5r p\u00e5 grund av fel i order som l\u00e4mnas till\u00a0Tj\u00e4nsteleverant\u00f6ren, p\u00e5 grund av otydlighet, felaktig anv\u00e4ndning och andra fel.\u00a0Kunden ansvarar ocks\u00e5 f\u00f6r skada som har uppst\u00e5tt p\u00e5 grund av underl\u00e5telse att till\u00a0Tj\u00e4nsteleverant\u00f6ren l\u00e4mna in de kompletterande dokument eller uppgifter som\u00a0Tj\u00e4nsteleverant\u00f6ren har beg\u00e4rt i enlighet med paragraf 7.5 f\u00f6r utf\u00f6rande av Kundens\u00a0order.<\/p>\n<p>11.2.\u00a0Tj\u00e4nsteleverant\u00f6ren ansvarar f\u00f6r skada som har uppst\u00e5tt p\u00e5 grund av\u00a0\u00e5sidos\u00e4ttande av sina skyldigheter enligt Kundavtalet endast ifall grov v\u00e5rdsl\u00f6shet\u00a0eller upps\u00e5t f\u00f6religger.<\/p>\n<p>11.3.\u00a0Tj\u00e4nsteleverant\u00f6ren ansvarar inte f\u00f6r kvaliteten av s\u00e5dana tj\u00e4nster som de\u00a0tillhandah\u00e5ller genom tredje man eller f\u00f6r skada som orsakas f\u00f6r Kunden till f\u00f6ljd av\u00a0tredje mans agerande (inkl. f\u00f6rsening) vid utf\u00f6rande av Kundens order.<\/p>\n<p>11.4.\u00a0Tj\u00e4nsteleverant\u00f6ren ansvarar inte f\u00f6r skada som uppst\u00e5r p\u00e5 grund av att\u00a0transaktionen inte utf\u00f6rs eller inte utf\u00f6rs inom utsatt tid, om det sker i samband med\u00a0fullf\u00f6ljande av ett i lag f\u00f6reskrivet uppdrag fr\u00e5n Finanspolisen eller till f\u00f6ljd av\u00a0underl\u00e5telse att f\u00f6lja Finanspolisens instruktioner eller f\u00f6reskrifter.<\/p>\n<p>11.5.\u00a0Tj\u00e4nsteleverant\u00f6ren ansvarar inte f\u00f6r skada eller v\u00e4rdeminskning som kan\u00a0orsakas f\u00f6r Kundens medel till f\u00f6ljd av \u00e4ndrade valutakurser eller prisfall f\u00f6r st\u00e4lld\u00a0s\u00e4kerhet eller andra risker som investeringsverksamhet kan inneb\u00e4ra.<\/p>\n<p>11.6.\u00a0Kunden ansvarar f\u00f6r fullf\u00f6ljande av sin informationsplikt och f\u00f6r riktigheten av\u00a0informationen som l\u00e4mnas till Tj\u00e4nsteleverant\u00f6ren och \u00e4r f\u00f6rpliktigad att ers\u00e4tta\u00a0skada som orsakas f\u00f6r Tj\u00e4nsteleverant\u00f6ren genom inl\u00e4mnande av falska uppgifter,\u00a0f\u00f6rsenad anm\u00e4lan om \u00e4ndringar i kunduppgifter eller underl\u00e5telse att anm\u00e4la\u00a0\u00e4ndringar enligt beg\u00e4ran.<\/p>\n<p>11.7.\u00a0Parterna ansvarar inte f\u00f6r \u00e5sidos\u00e4ttande av sina skyldigheter om det beror p\u00e5\u00a0force majeure.<\/p>\n<ol start=\"12\">\n<li>\n<h4>Framf\u00f6rande av meddelanden<\/h4>\n<\/li>\n<\/ol>\n<p>12.1.\u00a0Alla meddelanden som ber\u00f6r Avtalet ska framf\u00f6ras via telefon och\/eller e-post, om inte\u00a0Avtalet f\u00f6reskriver n\u00e5got specifikt formkrav f\u00f6r framf\u00f6rande av meddelanden. Vid\u00a0underl\u00e5telse att f\u00f6lja det obligatoriska formkravet vid framf\u00f6rande av ett meddelande\u00a0eller en order \u00e4r inte andra Parten f\u00f6rpliktigad att fullf\u00f6lja inneh\u00e5llet i meddelandets\u00a0avsiktsf\u00f6rklaring. Skriftliga meddelanden ska skickas med rekommenderad post eller\u00a0\u00f6verl\u00e4mnas till andra Parten mot kvittering till den adress eller det verksamhetsst\u00e4lle\u00a0som anges i Kundavtalet.<\/p>\n<p>12.2.\u00a0Klagom\u00e5l avseende \u00e5sidos\u00e4ttande av Avtalet m\u00e5ste l\u00e4mnas till andra Parten\u00a0skriftligt.<\/p>\n<ol start=\"13\">\n<li>\n<h4>Slutbest\u00e4mmelser<\/h4>\n<\/li>\n<\/ol>\n<p>13.1. Kundavtalet tr\u00e4der i kraft fr\u00e5n och med dess undertecknande av b\u00e5da Parter eller genom att en gemensam avsiktsf\u00f6rklaring tecknas p\u00e5 annat s\u00e4tt d\u00e4r det \u00e4r tydligt att Parterna har uppn\u00e5tt en \u00f6verenskommelse.<\/p>\n<p>13.2.\u00a0Tvister som uppst\u00e5r i samband med Avtalet ska l\u00f6sas f\u00f6rhandlingsv\u00e4gen eller,\u00a0om \u00f6verenskommelse inte kan n\u00e5s, vid Harju Tingsr\u00e4tt.<\/p>\n<p>13.3.\u00a0Estnisk lag \u00e4r till\u00e4mplig lag vid l\u00f6sning av tvister och f\u00f6r Avtalet.<\/p>\n<p>13.4. Eventuella motstridigheter mellan en avtalsbest\u00e4mmelse och g\u00e4llande lag, som\u00a0uppst\u00e5r p\u00e5 grund av lag\u00e4ndringar, p\u00e5verkar inte giltigheten av \u00f6vriga best\u00e4mmelser i\u00a0Avtalet.<\/p>\n<\/div>\n<div class=\"col-lg-3 col-md-12 col-sm-12 col-xs-12\">\n<\/div>\n<\/div>\n","protected":false},"excerpt":{"rendered":"","protected":false},"author":9,"featured_media":0,"parent":0,"menu_order":0,"comment_status":"closed","ping_status":"closed","template":"page-default.php","meta":[],"yoast_head":"<!-- This site is optimized with the Yoast SEO plugin v19.13 - https:\/\/yoast.com\/wordpress\/plugins\/seo\/ -->\n<title>Villkor och best\u00e4mmelser f\u00f6r penning\u00f6verf\u00f6ringar \u2013 Tavexwise<\/title>\n<meta name=\"description\" content=\"Villkor och best\u00e4mmelser f\u00f6r penning\u00f6verf\u00f6ringar vid anv\u00e4ndning av Tavexwises tj\u00e4nster. L\u00e4s mer om villkor och best\u00e4mmelser f\u00f6r penning\u00f6verf\u00f6ringar med Tavexwise h\u00e4r\" \/>\n<meta name=\"robots\" content=\"index, follow, max-snippet:-1, max-image-preview:large, max-video-preview:-1\" \/>\n<link rel=\"canonical\" href=\"https:\/\/tavexwise.com\/sv\/villkor-och-bestammelser\/\" \/>\n<meta property=\"og:locale\" content=\"sv_SE\" \/>\n<meta property=\"og:type\" content=\"article\" \/>\n<meta property=\"og:title\" content=\"Villkor och best\u00e4mmelser f\u00f6r penning\u00f6verf\u00f6ringar \u2013 Tavexwise\" \/>\n<meta property=\"og:description\" content=\"Villkor och best\u00e4mmelser f\u00f6r penning\u00f6verf\u00f6ringar vid anv\u00e4ndning av Tavexwises tj\u00e4nster. L\u00e4s mer om villkor och best\u00e4mmelser f\u00f6r penning\u00f6verf\u00f6ringar med Tavexwise h\u00e4r\" \/>\n<meta property=\"og:url\" content=\"https:\/\/tavexwise.com\/sv\/villkor-och-bestammelser\/\" \/>\n<meta property=\"og:site_name\" content=\"TavexWise\" \/>\n<meta property=\"article:modified_time\" content=\"2022-01-19T11:46:25+00:00\" \/>\n<meta name=\"twitter:label1\" content=\"Est. reading time\" \/>\n\t<meta name=\"twitter:data1\" content=\"9 minuter\" \/>\n<script type=\"application\/ld+json\" class=\"yoast-schema-graph\">{\"@context\":\"https:\/\/schema.org\",\"@graph\":[{\"@type\":\"WebPage\",\"@id\":\"https:\/\/tavexwise.com\/sv\/villkor-och-bestammelser\/\",\"url\":\"https:\/\/tavexwise.com\/sv\/villkor-och-bestammelser\/\",\"name\":\"Villkor och best\u00e4mmelser f\u00f6r penning\u00f6verf\u00f6ringar \u2013 Tavexwise\",\"isPartOf\":{\"@id\":\"https:\/\/tavexwise.com\/sv\/#website\"},\"datePublished\":\"2014-12-15T07:58:14+00:00\",\"dateModified\":\"2022-01-19T11:46:25+00:00\",\"description\":\"Villkor och best\u00e4mmelser f\u00f6r penning\u00f6verf\u00f6ringar vid anv\u00e4ndning av Tavexwises tj\u00e4nster. L\u00e4s mer om villkor och best\u00e4mmelser f\u00f6r penning\u00f6verf\u00f6ringar med Tavexwise h\u00e4r\",\"breadcrumb\":{\"@id\":\"https:\/\/tavexwise.com\/sv\/villkor-och-bestammelser\/#breadcrumb\"},\"inLanguage\":\"sv-SE\",\"potentialAction\":[{\"@type\":\"ReadAction\",\"target\":[\"https:\/\/tavexwise.com\/sv\/villkor-och-bestammelser\/\"]}]},{\"@type\":\"BreadcrumbList\",\"@id\":\"https:\/\/tavexwise.com\/sv\/villkor-och-bestammelser\/#breadcrumb\",\"itemListElement\":[{\"@type\":\"ListItem\",\"position\":1,\"name\":\"Home\",\"item\":\"https:\/\/tavexwise.com\/sv\/\"},{\"@type\":\"ListItem\",\"position\":2,\"name\":\"Villkor och best\u00e4mmelser\"}]},{\"@type\":\"WebSite\",\"@id\":\"https:\/\/tavexwise.com\/sv\/#website\",\"url\":\"https:\/\/tavexwise.com\/sv\/\",\"name\":\"TavexWise\",\"description\":\"Send Money Abroad in 5 Minutes with TavexWise\",\"potentialAction\":[{\"@type\":\"SearchAction\",\"target\":{\"@type\":\"EntryPoint\",\"urlTemplate\":\"https:\/\/tavexwise.com\/sv\/?s={search_term_string}\"},\"query-input\":\"required name=search_term_string\"}],\"inLanguage\":\"sv-SE\"}]}<\/script>\n<!-- \/ Yoast SEO plugin. -->","yoast_head_json":{"title":"Villkor och best\u00e4mmelser f\u00f6r penning\u00f6verf\u00f6ringar \u2013 Tavexwise","description":"Villkor och best\u00e4mmelser f\u00f6r penning\u00f6verf\u00f6ringar vid anv\u00e4ndning av Tavexwises tj\u00e4nster. L\u00e4s mer om villkor och best\u00e4mmelser f\u00f6r penning\u00f6verf\u00f6ringar med Tavexwise h\u00e4r","robots":{"index":"index","follow":"follow","max-snippet":"max-snippet:-1","max-image-preview":"max-image-preview:large","max-video-preview":"max-video-preview:-1"},"canonical":"https:\/\/tavexwise.com\/sv\/villkor-och-bestammelser\/","og_locale":"sv_SE","og_type":"article","og_title":"Villkor och best\u00e4mmelser f\u00f6r penning\u00f6verf\u00f6ringar \u2013 Tavexwise","og_description":"Villkor och best\u00e4mmelser f\u00f6r penning\u00f6verf\u00f6ringar vid anv\u00e4ndning av Tavexwises tj\u00e4nster. L\u00e4s mer om villkor och best\u00e4mmelser f\u00f6r penning\u00f6verf\u00f6ringar med Tavexwise h\u00e4r","og_url":"https:\/\/tavexwise.com\/sv\/villkor-och-bestammelser\/","og_site_name":"TavexWise","article_modified_time":"2022-01-19T11:46:25+00:00","twitter_misc":{"Est. reading time":"9 minuter"},"schema":{"@context":"https:\/\/schema.org","@graph":[{"@type":"WebPage","@id":"https:\/\/tavexwise.com\/sv\/villkor-och-bestammelser\/","url":"https:\/\/tavexwise.com\/sv\/villkor-och-bestammelser\/","name":"Villkor och best\u00e4mmelser f\u00f6r penning\u00f6verf\u00f6ringar \u2013 Tavexwise","isPartOf":{"@id":"https:\/\/tavexwise.com\/sv\/#website"},"datePublished":"2014-12-15T07:58:14+00:00","dateModified":"2022-01-19T11:46:25+00:00","description":"Villkor och best\u00e4mmelser f\u00f6r penning\u00f6verf\u00f6ringar vid anv\u00e4ndning av Tavexwises tj\u00e4nster. L\u00e4s mer om villkor och best\u00e4mmelser f\u00f6r penning\u00f6verf\u00f6ringar med Tavexwise h\u00e4r","breadcrumb":{"@id":"https:\/\/tavexwise.com\/sv\/villkor-och-bestammelser\/#breadcrumb"},"inLanguage":"sv-SE","potentialAction":[{"@type":"ReadAction","target":["https:\/\/tavexwise.com\/sv\/villkor-och-bestammelser\/"]}]},{"@type":"BreadcrumbList","@id":"https:\/\/tavexwise.com\/sv\/villkor-och-bestammelser\/#breadcrumb","itemListElement":[{"@type":"ListItem","position":1,"name":"Home","item":"https:\/\/tavexwise.com\/sv\/"},{"@type":"ListItem","position":2,"name":"Villkor och best\u00e4mmelser"}]},{"@type":"WebSite","@id":"https:\/\/tavexwise.com\/sv\/#website","url":"https:\/\/tavexwise.com\/sv\/","name":"TavexWise","description":"Send Money Abroad in 5 Minutes with TavexWise","potentialAction":[{"@type":"SearchAction","target":{"@type":"EntryPoint","urlTemplate":"https:\/\/tavexwise.com\/sv\/?s={search_term_string}"},"query-input":"required name=search_term_string"}],"inLanguage":"sv-SE"}]}},"_links":{"self":[{"href":"https:\/\/tavexwise.com\/sv\/wp-json\/wp\/v2\/pages\/1629"}],"collection":[{"href":"https:\/\/tavexwise.com\/sv\/wp-json\/wp\/v2\/pages"}],"about":[{"href":"https:\/\/tavexwise.com\/sv\/wp-json\/wp\/v2\/types\/page"}],"author":[{"embeddable":true,"href":"https:\/\/tavexwise.com\/sv\/wp-json\/wp\/v2\/users\/9"}],"replies":[{"embeddable":true,"href":"https:\/\/tavexwise.com\/sv\/wp-json\/wp\/v2\/comments?post=1629"}],"version-history":[{"count":7,"href":"https:\/\/tavexwise.com\/sv\/wp-json\/wp\/v2\/pages\/1629\/revisions"}],"predecessor-version":[{"id":6821,"href":"https:\/\/tavexwise.com\/sv\/wp-json\/wp\/v2\/pages\/1629\/revisions\/6821"}],"wp:attachment":[{"href":"https:\/\/tavexwise.com\/sv\/wp-json\/wp\/v2\/media?parent=1629"}],"curies":[{"name":"wp","href":"https:\/\/api.w.org\/{rel}","templated":true}]}}