{"id":1506,"date":"2015-01-02T05:05:17","date_gmt":"2015-01-02T05:05:17","guid":{"rendered":"http:\/\/wisedevel.tavex.se\/?page_id=1506"},"modified":"2024-06-14T08:55:21","modified_gmt":"2024-06-14T05:55:21","slug":"penningoverforing-tavexwises-prislista","status":"publish","type":"page","link":"https:\/\/tavexwise.com\/sv\/penningoverforing-tavexwises-prislista\/","title":{"rendered":"Penning\u00f6verf\u00f6ring<br>TavexWises prislista"},"content":{"rendered":"<h3 class=\"priceListH\">Kontant penning\u00f6verf\u00f6ring<\/h3>\n<p>&nbsp;<\/p>\n<div class=\"table-responsive\"><table class=\" table table-striped table-hover\">\n<thead>\n<tr>\n<th>\n<h4><\/h4>\n<\/th>\n<th>\n<h4>Estland<\/h4>\n<\/th>\n<th>\n<h4>Sverige<\/h4>\n<\/th>\n<th>\n<h4>Denmark<\/h4>\n<\/th>\n<th>\n<h4>Bulgarien<\/h4>\n<\/th>\n<\/tr>\n<\/thead>\n<tbody>\n<tr>\n<td><strong>Estland<\/strong><\/td>\n<td>30 EUR*<\/td>\n<td>30 EUR*<\/td>\n<td>30 EUR*<\/td>\n<td>30 EUR*<\/td>\n<\/tr>\n<tr>\n<td><strong>Sverige<\/strong><\/td>\n<td>100 SEK<\/td>\n<td>100 SEK<\/td>\n<td>100 SEK<\/td>\n<td>100 SEK<\/td>\n<\/tr>\n<tr>\n<td><strong>Denmark<\/strong><\/td>\n<td>60 DKK<\/td>\n<td>60 DKK<\/td>\n<td>60 DKK<\/td>\n<td>40 DKK<\/td>\n<\/tr>\n<tr>\n<td><strong>Bulgarien<\/strong><\/td>\n<td>20 BGN<\/td>\n<td>20 BGN<\/td>\n<td>20 BGN<\/td>\n<td>20 BGN<\/td>\n<\/tr>\n<\/tbody>\n<\/table><\/div>\n<p><em>* Serviceavgiften f\u00f6r belopp \u00f6ver 1 000 euro \u00e4r 3 % av beloppet.<\/em><\/p>\n<h3 class=\"priceListH\">Online bank\u00f6verf\u00f6ring<\/h3>\n<p>&nbsp;<\/p>\n<div class=\"table-responsive\"><table class=\" table table-striped table-hover\">\n<thead>\n<tr>\n<th>\n<h4><\/h4>\n<\/th>\n<th>\n<h4>SEPA betalning<\/h4>\n<\/th>\n<th>\n<h4>Inhemsk expressbetalning<\/h4>\n<\/th>\n<th>\n<h4>Swift normal, delad kostnad<\/h4>\n<\/th>\n<th>\n<h4>Swift normal, avs&#xE4;ndaren betalar<\/h4>\n<\/th>\n<th>\n<h4>Swift snabb, delad kostnad<\/h4>\n<\/th>\n<th>\n<h4>Swift snabb, avs&#xE4;ndaren betalar<\/h4>\n<\/th>\n<th>\n<h4>Swift delad kostnad<\/h4>\n<\/th>\n<th>\n<h4>Swift Express delad kostnad\/mottagaren betalar<\/h4>\n<\/th>\n<\/tr>\n<\/thead>\n<tbody>\n<tr>\n<td><strong>Estland<\/strong><\/td>\n<td>10 EUR*<\/td>\n<td>10 EUR*<\/td>\n<td>&#x2013;<\/td>\n<td>&#x2013;<\/td>\n<td>20 EUR*<\/td>\n<td>20 EUR*<\/td>\n<td>45 EUR*<\/td>\n<td>45 EUR*<\/td>\n<\/tr>\n<tr>\n<td><strong>Sverige<\/strong><\/td>\n<td>100 SEK<\/td>\n<td>100 SEK<\/td>\n<td>100 SEK<\/td>\n<td>200 SEK<\/td>\n<td>220 SEK<\/td>\n<td>280 SEK<\/td>\n<td>300 SEK<\/td>\n<td>500 SEK<\/td>\n<\/tr>\n<tr>\n<td><strong>Denmark<\/strong><\/td>\n<td>20 DKK<\/td>\n<td>60 DKK<\/td>\n<td>50 DKK<\/td>\n<td>200 DKK<\/td>\n<td>200 DKK<\/td>\n<td>350 DKK<\/td>\n<td>350 DKK<\/td>\n<td>400 DKK<\/td>\n<\/tr>\n<tr>\n<td><strong>Bulgarien<\/strong><\/td>\n<td>4 BGN<\/td>\n<td>20 BGN<\/td>\n<td>20 BGN<\/td>\n<td>50 BGN<\/td>\n<td>30 BGN<\/td>\n<td>75 BGN<\/td>\n<td>90 BGN<\/td>\n<td>120 BGN<\/td>\n<\/tr>\n<\/tbody>\n<\/table><\/div>\n<p><em>* Serviceavgiften f\u00f6r SEPA-betalningar f\u00f6r belopp \u00f6ver 500 euro \u00e4r 2 % och f\u00f6r belopp \u00f6ver 30 000 euro \u00e4r serviceavgiften 3 % av beloppet.<\/em><br \/>\n<em>* Serviceavgiften f\u00f6r SWIFT-betalningar kan variera beroende p\u00e5 belopp och destinationsland.<\/em><\/p>\n<p>&nbsp;<\/p>\n","protected":false},"excerpt":{"rendered":"<p>Kontant penning\u00f6verf\u00f6ring &nbsp; * Serviceavgiften f\u00f6r belopp \u00f6ver 1 000 euro \u00e4r 3 % av beloppet. Online bank\u00f6verf\u00f6ring &nbsp; * Serviceavgiften f\u00f6r SEPA-betalningar f\u00f6r belopp \u00f6ver 500 euro \u00e4r 2 % och f\u00f6r belopp \u00f6ver 30 000 euro \u00e4r serviceavgiften 3 % av beloppet. * Serviceavgiften f\u00f6r SWIFT-betalningar kan variera beroende p\u00e5 belopp och destinationsland. [&hellip;]<\/p>\n","protected":false},"author":9,"featured_media":0,"parent":0,"menu_order":0,"comment_status":"closed","ping_status":"closed","template":"page-default.php","meta":[],"yoast_head":"<!-- This site is optimized with the Yoast SEO plugin v19.13 - https:\/\/yoast.com\/wordpress\/plugins\/seo\/ -->\n<title>Penning\u00f6verf\u00f6ring \u2013 TavexWises prislista<\/title>\n<meta name=\"description\" content=\"Penning\u00f6verf\u00f6ring till utlandet. Spara tid och pengar. Kolla TavexWises l\u00e5ga priser.\" \/>\n<meta name=\"robots\" content=\"index, follow, max-snippet:-1, max-image-preview:large, max-video-preview:-1\" \/>\n<link rel=\"canonical\" href=\"https:\/\/tavexwise.com\/sv\/penningoverforing-tavexwises-prislista\/\" \/>\n<meta property=\"og:locale\" content=\"sv_SE\" \/>\n<meta property=\"og:type\" content=\"article\" \/>\n<meta property=\"og:title\" content=\"Penning\u00f6verf\u00f6ring \u2013 TavexWises prislista\" \/>\n<meta property=\"og:description\" content=\"Penning\u00f6verf\u00f6ring till utlandet. Spara tid och pengar. Kolla TavexWises l\u00e5ga priser.\" \/>\n<meta property=\"og:url\" content=\"https:\/\/tavexwise.com\/sv\/penningoverforing-tavexwises-prislista\/\" \/>\n<meta property=\"og:site_name\" content=\"TavexWise\" \/>\n<meta property=\"article:modified_time\" content=\"2024-06-14T05:55:21+00:00\" \/>\n<meta name=\"twitter:label1\" content=\"Est. reading time\" \/>\n\t<meta name=\"twitter:data1\" content=\"1 minut\" \/>\n<script type=\"application\/ld+json\" class=\"yoast-schema-graph\">{\"@context\":\"https:\/\/schema.org\",\"@graph\":[{\"@type\":\"WebPage\",\"@id\":\"https:\/\/tavexwise.com\/sv\/penningoverforing-tavexwises-prislista\/\",\"url\":\"https:\/\/tavexwise.com\/sv\/penningoverforing-tavexwises-prislista\/\",\"name\":\"Penning\u00f6verf\u00f6ring \u2013 TavexWises prislista\",\"isPartOf\":{\"@id\":\"https:\/\/tavexwise.com\/sv\/#website\"},\"datePublished\":\"2015-01-02T05:05:17+00:00\",\"dateModified\":\"2024-06-14T05:55:21+00:00\",\"description\":\"Penning\u00f6verf\u00f6ring till utlandet. Spara tid och pengar. Kolla TavexWises l\u00e5ga priser.\",\"breadcrumb\":{\"@id\":\"https:\/\/tavexwise.com\/sv\/penningoverforing-tavexwises-prislista\/#breadcrumb\"},\"inLanguage\":\"sv-SE\",\"potentialAction\":[{\"@type\":\"ReadAction\",\"target\":[\"https:\/\/tavexwise.com\/sv\/penningoverforing-tavexwises-prislista\/\"]}]},{\"@type\":\"BreadcrumbList\",\"@id\":\"https:\/\/tavexwise.com\/sv\/penningoverforing-tavexwises-prislista\/#breadcrumb\",\"itemListElement\":[{\"@type\":\"ListItem\",\"position\":1,\"name\":\"Home\",\"item\":\"https:\/\/tavexwise.com\/sv\/\"},{\"@type\":\"ListItem\",\"position\":2,\"name\":\"Penning\u00f6verf\u00f6ringTavexWises prislista\"}]},{\"@type\":\"WebSite\",\"@id\":\"https:\/\/tavexwise.com\/sv\/#website\",\"url\":\"https:\/\/tavexwise.com\/sv\/\",\"name\":\"TavexWise\",\"description\":\"Send Money Abroad in 5 Minutes with TavexWise\",\"potentialAction\":[{\"@type\":\"SearchAction\",\"target\":{\"@type\":\"EntryPoint\",\"urlTemplate\":\"https:\/\/tavexwise.com\/sv\/?s={search_term_string}\"},\"query-input\":\"required name=search_term_string\"}],\"inLanguage\":\"sv-SE\"}]}<\/script>\n<!-- \/ Yoast SEO plugin. -->","yoast_head_json":{"title":"Penning\u00f6verf\u00f6ring \u2013 TavexWises prislista","description":"Penning\u00f6verf\u00f6ring till utlandet. Spara tid och pengar. Kolla TavexWises l\u00e5ga priser.","robots":{"index":"index","follow":"follow","max-snippet":"max-snippet:-1","max-image-preview":"max-image-preview:large","max-video-preview":"max-video-preview:-1"},"canonical":"https:\/\/tavexwise.com\/sv\/penningoverforing-tavexwises-prislista\/","og_locale":"sv_SE","og_type":"article","og_title":"Penning\u00f6verf\u00f6ring \u2013 TavexWises prislista","og_description":"Penning\u00f6verf\u00f6ring till utlandet. Spara tid och pengar. Kolla TavexWises l\u00e5ga priser.","og_url":"https:\/\/tavexwise.com\/sv\/penningoverforing-tavexwises-prislista\/","og_site_name":"TavexWise","article_modified_time":"2024-06-14T05:55:21+00:00","twitter_misc":{"Est. reading time":"1 minut"},"schema":{"@context":"https:\/\/schema.org","@graph":[{"@type":"WebPage","@id":"https:\/\/tavexwise.com\/sv\/penningoverforing-tavexwises-prislista\/","url":"https:\/\/tavexwise.com\/sv\/penningoverforing-tavexwises-prislista\/","name":"Penning\u00f6verf\u00f6ring \u2013 TavexWises prislista","isPartOf":{"@id":"https:\/\/tavexwise.com\/sv\/#website"},"datePublished":"2015-01-02T05:05:17+00:00","dateModified":"2024-06-14T05:55:21+00:00","description":"Penning\u00f6verf\u00f6ring till utlandet. Spara tid och pengar. Kolla TavexWises l\u00e5ga priser.","breadcrumb":{"@id":"https:\/\/tavexwise.com\/sv\/penningoverforing-tavexwises-prislista\/#breadcrumb"},"inLanguage":"sv-SE","potentialAction":[{"@type":"ReadAction","target":["https:\/\/tavexwise.com\/sv\/penningoverforing-tavexwises-prislista\/"]}]},{"@type":"BreadcrumbList","@id":"https:\/\/tavexwise.com\/sv\/penningoverforing-tavexwises-prislista\/#breadcrumb","itemListElement":[{"@type":"ListItem","position":1,"name":"Home","item":"https:\/\/tavexwise.com\/sv\/"},{"@type":"ListItem","position":2,"name":"Penning\u00f6verf\u00f6ringTavexWises prislista"}]},{"@type":"WebSite","@id":"https:\/\/tavexwise.com\/sv\/#website","url":"https:\/\/tavexwise.com\/sv\/","name":"TavexWise","description":"Send Money Abroad in 5 Minutes with TavexWise","potentialAction":[{"@type":"SearchAction","target":{"@type":"EntryPoint","urlTemplate":"https:\/\/tavexwise.com\/sv\/?s={search_term_string}"},"query-input":"required name=search_term_string"}],"inLanguage":"sv-SE"}]}},"_links":{"self":[{"href":"https:\/\/tavexwise.com\/sv\/wp-json\/wp\/v2\/pages\/1506"}],"collection":[{"href":"https:\/\/tavexwise.com\/sv\/wp-json\/wp\/v2\/pages"}],"about":[{"href":"https:\/\/tavexwise.com\/sv\/wp-json\/wp\/v2\/types\/page"}],"author":[{"embeddable":true,"href":"https:\/\/tavexwise.com\/sv\/wp-json\/wp\/v2\/users\/9"}],"replies":[{"embeddable":true,"href":"https:\/\/tavexwise.com\/sv\/wp-json\/wp\/v2\/comments?post=1506"}],"version-history":[{"count":9,"href":"https:\/\/tavexwise.com\/sv\/wp-json\/wp\/v2\/pages\/1506\/revisions"}],"predecessor-version":[{"id":11467,"href":"https:\/\/tavexwise.com\/sv\/wp-json\/wp\/v2\/pages\/1506\/revisions\/11467"}],"wp:attachment":[{"href":"https:\/\/tavexwise.com\/sv\/wp-json\/wp\/v2\/media?parent=1506"}],"curies":[{"name":"wp","href":"https:\/\/api.w.org\/{rel}","templated":true}]}}