{"id":923,"date":"2014-12-16T13:18:37","date_gmt":"2014-12-16T13:18:37","guid":{"rendered":"http:\/\/bitfiner.com\/clients\/tavexwise-web\/?page_id=923"},"modified":"2022-08-09T16:38:08","modified_gmt":"2022-08-09T13:38:08","slug":"kypsised","status":"publish","type":"page","link":"https:\/\/tavexwise.com\/et\/kypsised\/","title":{"rendered":"K\u00fcpsised"},"content":{"rendered":"<div class=\"row\">\n<div class=\"col-lg-8 col-md-12 col-sm-12 col-xs-12\">\nNeed on vajalikud, et pakkuda sulle parimat kasutajamugavust.<\/p>\n<p>K\u00fcpsised on v\u00e4iksed infokillud sinu arvutis. Iga kord kui Sa teed meile p\u00e4ringu, saab server tuvastada Sinu p\u00e4ringu teiste omadest ja pakkuda sulle isikup\u00e4rastatud andmeid. K\u00fcpsiseid kasutame mugavamaks sisse logimiseks, eelistuste salvestamiseks ja muude Sinule oluliste seadete meelespidamiseks. See v\u00f5imaldab meil pakkuda Sulle k\u00f5ige asjakohasemat informatsiooni, kui Sa meie kodulehele naased.<\/p>\n<h4>Nimekiri miks TavexWise kasutab k\u00fcpsiseid:<\/h4>\n<ol>\n<li>Tunneme \u00e4ra, kui oled sisse loginud<\/li>\n<li>Tunneme \u00e4ra, mis riigi kodulehel oled maandunud<\/li>\n<li>Tunneme \u00e4ra Sinu keele-eelistuse<\/li>\n<li>M\u00e4letab sinu kasutajanime, et j\u00e4rgmisel k\u00fclastusel oleks sisselogimine kiirem<\/li>\n<\/ol>\n<p>Me soovitame mitte muuta k\u00fcpsiste seadistusi kuna see v\u00f5ib muuta kodulehe kasutajamugavust.<\/p>\n<p>Kui soovid k\u00fcpsiste seadeid muuta, vaata oma brauseri seadetest t\u00e4psed seaded.<\/p>\n<h4>TavexWise koduleht ei tee j\u00e4rgmist:<\/h4>\n<ol>\n<li>Ei m\u00e4leta sinu isiklikku informatsiooni<\/li>\n<li>Ei kogu informatsiooni mida saab kasutada erinevate teenuste reklaamimiseks<\/li>\n<li>Ei saada informatsiooni kolmandatele osapooltele<\/li>\n<\/ol>\n<\/div>\n<div class=\"col-lg-3 col-md-12 col-sm-12 col-xs-12\">\n<\/div>\n<\/div>\n","protected":false},"excerpt":{"rendered":"","protected":false},"author":9,"featured_media":0,"parent":0,"menu_order":0,"comment_status":"closed","ping_status":"closed","template":"page-default.php","meta":[],"yoast_head":"<!-- This site is optimized with the Yoast SEO plugin v19.13 - https:\/\/yoast.com\/wordpress\/plugins\/seo\/ -->\n<title>TavexWise raha saatmine - k\u00fcpsised<\/title>\n<meta name=\"description\" content=\"Need on vajalikud, et pakkuda sulle parimat kasutajamugavust.\" \/>\n<meta name=\"robots\" content=\"index, follow, max-snippet:-1, max-image-preview:large, max-video-preview:-1\" \/>\n<link rel=\"canonical\" href=\"https:\/\/tavexwise.com\/et\/kypsised\/\" \/>\n<meta property=\"og:locale\" content=\"et_EE\" \/>\n<meta property=\"og:type\" content=\"article\" \/>\n<meta property=\"og:title\" content=\"TavexWise raha saatmine - k\u00fcpsised\" \/>\n<meta property=\"og:description\" content=\"Need on vajalikud, et pakkuda sulle parimat kasutajamugavust.\" \/>\n<meta property=\"og:url\" content=\"https:\/\/tavexwise.com\/et\/kypsised\/\" \/>\n<meta property=\"og:site_name\" content=\"TavexWise\" \/>\n<meta property=\"article:modified_time\" content=\"2022-08-09T13:38:08+00:00\" \/>\n<meta name=\"twitter:label1\" content=\"Est. reading time\" \/>\n\t<meta name=\"twitter:data1\" content=\"1 minut\" \/>\n<script type=\"application\/ld+json\" class=\"yoast-schema-graph\">{\"@context\":\"https:\/\/schema.org\",\"@graph\":[{\"@type\":\"WebPage\",\"@id\":\"https:\/\/tavexwise.com\/et\/kypsised\/\",\"url\":\"https:\/\/tavexwise.com\/et\/kypsised\/\",\"name\":\"TavexWise raha saatmine - k\u00fcpsised\",\"isPartOf\":{\"@id\":\"https:\/\/tavexwise.com\/et\/#website\"},\"datePublished\":\"2014-12-16T13:18:37+00:00\",\"dateModified\":\"2022-08-09T13:38:08+00:00\",\"description\":\"Need on vajalikud, et pakkuda sulle parimat kasutajamugavust.\",\"breadcrumb\":{\"@id\":\"https:\/\/tavexwise.com\/et\/kypsised\/#breadcrumb\"},\"inLanguage\":\"et\",\"potentialAction\":[{\"@type\":\"ReadAction\",\"target\":[\"https:\/\/tavexwise.com\/et\/kypsised\/\"]}]},{\"@type\":\"BreadcrumbList\",\"@id\":\"https:\/\/tavexwise.com\/et\/kypsised\/#breadcrumb\",\"itemListElement\":[{\"@type\":\"ListItem\",\"position\":1,\"name\":\"Home\",\"item\":\"https:\/\/tavexwise.com\/et\/\"},{\"@type\":\"ListItem\",\"position\":2,\"name\":\"K\u00fcpsised\"}]},{\"@type\":\"WebSite\",\"@id\":\"https:\/\/tavexwise.com\/et\/#website\",\"url\":\"https:\/\/tavexwise.com\/et\/\",\"name\":\"TavexWise\",\"description\":\"Send Money Abroad in 5 Minutes with TavexWise\",\"potentialAction\":[{\"@type\":\"SearchAction\",\"target\":{\"@type\":\"EntryPoint\",\"urlTemplate\":\"https:\/\/tavexwise.com\/et\/?s={search_term_string}\"},\"query-input\":\"required name=search_term_string\"}],\"inLanguage\":\"et\"}]}<\/script>\n<!-- \/ Yoast SEO plugin. -->","yoast_head_json":{"title":"TavexWise raha saatmine - k\u00fcpsised","description":"Need on vajalikud, et pakkuda sulle parimat kasutajamugavust.","robots":{"index":"index","follow":"follow","max-snippet":"max-snippet:-1","max-image-preview":"max-image-preview:large","max-video-preview":"max-video-preview:-1"},"canonical":"https:\/\/tavexwise.com\/et\/kypsised\/","og_locale":"et_EE","og_type":"article","og_title":"TavexWise raha saatmine - k\u00fcpsised","og_description":"Need on vajalikud, et pakkuda sulle parimat kasutajamugavust.","og_url":"https:\/\/tavexwise.com\/et\/kypsised\/","og_site_name":"TavexWise","article_modified_time":"2022-08-09T13:38:08+00:00","twitter_misc":{"Est. reading time":"1 minut"},"schema":{"@context":"https:\/\/schema.org","@graph":[{"@type":"WebPage","@id":"https:\/\/tavexwise.com\/et\/kypsised\/","url":"https:\/\/tavexwise.com\/et\/kypsised\/","name":"TavexWise raha saatmine - k\u00fcpsised","isPartOf":{"@id":"https:\/\/tavexwise.com\/et\/#website"},"datePublished":"2014-12-16T13:18:37+00:00","dateModified":"2022-08-09T13:38:08+00:00","description":"Need on vajalikud, et pakkuda sulle parimat kasutajamugavust.","breadcrumb":{"@id":"https:\/\/tavexwise.com\/et\/kypsised\/#breadcrumb"},"inLanguage":"et","potentialAction":[{"@type":"ReadAction","target":["https:\/\/tavexwise.com\/et\/kypsised\/"]}]},{"@type":"BreadcrumbList","@id":"https:\/\/tavexwise.com\/et\/kypsised\/#breadcrumb","itemListElement":[{"@type":"ListItem","position":1,"name":"Home","item":"https:\/\/tavexwise.com\/et\/"},{"@type":"ListItem","position":2,"name":"K\u00fcpsised"}]},{"@type":"WebSite","@id":"https:\/\/tavexwise.com\/et\/#website","url":"https:\/\/tavexwise.com\/et\/","name":"TavexWise","description":"Send Money Abroad in 5 Minutes with TavexWise","potentialAction":[{"@type":"SearchAction","target":{"@type":"EntryPoint","urlTemplate":"https:\/\/tavexwise.com\/et\/?s={search_term_string}"},"query-input":"required name=search_term_string"}],"inLanguage":"et"}]}},"_links":{"self":[{"href":"https:\/\/tavexwise.com\/et\/wp-json\/wp\/v2\/pages\/923"}],"collection":[{"href":"https:\/\/tavexwise.com\/et\/wp-json\/wp\/v2\/pages"}],"about":[{"href":"https:\/\/tavexwise.com\/et\/wp-json\/wp\/v2\/types\/page"}],"author":[{"embeddable":true,"href":"https:\/\/tavexwise.com\/et\/wp-json\/wp\/v2\/users\/9"}],"replies":[{"embeddable":true,"href":"https:\/\/tavexwise.com\/et\/wp-json\/wp\/v2\/comments?post=923"}],"version-history":[{"count":5,"href":"https:\/\/tavexwise.com\/et\/wp-json\/wp\/v2\/pages\/923\/revisions"}],"predecessor-version":[{"id":7004,"href":"https:\/\/tavexwise.com\/et\/wp-json\/wp\/v2\/pages\/923\/revisions\/7004"}],"wp:attachment":[{"href":"https:\/\/tavexwise.com\/et\/wp-json\/wp\/v2\/media?parent=923"}],"curies":[{"name":"wp","href":"https:\/\/api.w.org\/{rel}","templated":true}]}}