{"id":141,"date":"2014-12-01T13:09:44","date_gmt":"2014-12-01T13:09:44","guid":{"rendered":"http:\/\/bitfiner.com\/tavexwise\/?page_id=141"},"modified":"2022-04-28T14:14:13","modified_gmt":"2022-04-28T11:14:13","slug":"vota-uhendust","status":"publish","type":"page","link":"https:\/\/tavexwise.com\/et\/vota-uhendust\/","title":{"rendered":"V\u00f5ta \u00fchendust"},"content":{"rendered":"<div class=\"container-fluid howItWorks\">\n<div class=\"container \">\n<div class=\"row row-eq-height\">\n<div class=\"col-sm-12 col-sm-7 col-md-7 col-lg-7\">\n<h1>K\u00fclasta meid 4 riigis<\/h1>\n<div style=\"color: #fff; font-family: proxima-nova; font-weight: 100; line-height: 24px;\">\nMeil pole midagi selle vastu, kui astud meie juurest l\u00e4bi.<br \/>Kui tunned, et lihtsam on helistada v\u00f5i saata meil, siis kl\u00f5psa paremal olevale kastikesele.<\/div>\n<!--\n<div class=\"col-sm-12 col-sm-5 col-md-5 col-lg-5  sendmesdiv visible-xs\">\n                <a rel=\"nofollow\" href=\"tel:[types field=\" code\"=\"\" output=\"raw\" ][=\"\" types]\"=\"\"><button class=\"btn btn-lg callbutton \">[wpml-string context=\"wpv-views\"]Call US[\/wpml-string]<\/button><\/a><\/div>\n<div class=\"col-sm-12 col-sm-5 col-md-5 col-lg-5 sendmesdiv tabletheight\">\n                            <button data-toggle=\"modal\" data-target=\"#Contact\" id=\"modalOpen\" class=\"btn hidden-xs btn-lg sendMesBtn\">[wpml-string context=\"wpv-views\"]Send message[\/wpml-string]<\/button>\n            <a href=\"[wpv-post-url id=\" 236\"]\"=\"\" class=\"btn btn-lg visible-xs sendMesBtn\">EMAIL[wpml-string context=\"wpv-views\"]Send message[\/wpml-string]<\/a><\/div>\n-->\n\n<\/div>\n<\/div>\n<div class=\"modal fade\" id=\"Contact\" tabindex=\"-1\" role=\"dialog\" aria-labelledby=\"myModalLabel\" aria-hidden=\"true\">\n<div class=\"modal-dialog transfer\">\n<div class=\"modal-content\">\n<div class=\"modal-header\">\n<h4 class=\"modal-title\" id=\"myModalLabel\">Saada s\u00f5num<\/h4>\n<\/div>\n<div class=\"modal-body\">\n<div class=\"row\">\n<div class=\"col-xs-12\">\n                            <p>Sorry. You must be logged in to view this form.<\/p> <!-- 4 --><\/div>\n<\/div>\n<div class=\"row textArea\">\n<div class=\"col-xs-12 text-center\">\n<p class=\"popuptransp\">We will answer you as soon as possible, if you\nhave quick questions, please call us.\n\n<\/div>\n<\/div>\n<\/div>\n<\/div>\n<\/div>\n<\/div>\n<div id=\"barTriger2\"><\/div>\n<div id=\"barTriger\"><\/div>\n<!-- -->\n\n<\/div>\n<\/div>\n<div class=\"container-fluid\" style=\"overflow: hidden\">\n<div class=\"container contactMap\">\n\t<div class=\"row\">\n\t\t<div class=\"col-xs-12 col-sm-push-4 col-sm-6 col-md-push-4 col-md-6 col-lg-push-5 col-lg-6\">\n\t\t\t<div class=\"officeMap\">\n\t\t\t\t<div class=\"kontorid\"><\/div>\n\t\t\t\t<div data-riik=\"4\"  class=\"off_riik norra contact hidden-sm hidden-xs\"><\/div>\n\t\t\t\t<div data-riik=\"2\" class=\"off_riik rootsi contact hidden-sm op1 hidden-xs\"><\/div>\n\t\t\t\t<div data-riik=\"7\" class=\"off_riik soome contact hidden-sm hidden-xs\"><\/div>\n\t\t\t\t<div data-riik=\"8\" class=\"off_riik taani contact hidden-sm hidden-xs\"><\/div>\n    \t\t\t<div data-riik=\"9\" class=\"off_riik philippines contact hidden-sm hidden-xs\"><\/div>\n\t\t\t\t<div data-riik=\"1\" class=\"off_riik eesti contact hidden-sm hidden-xs\"><\/div>\n\t\t\t\t<div data-riik=\"3\" class=\"off_riik l2ti contact hidden-sm hidden-xs\"><\/div>\n\t\t\t\t<div data-riik=\"5\" class=\"off_riik poola contact hidden-sm hidden-xs\"><\/div>\n\t\t\t\t<div data-riik=\"6\" class=\"off_riik bulgaaria contact hidden-sm hidden-xs\"><\/div>\n\t\t\t<\/div>\n\t\t<\/div>\n      \n      \n   \n        \n\n\n<div id=\"wpv-view-layout-820\" class=\"js-wpv-view-layout js-wpv-layout-responsive js-wpv-view-layout-820\" data-viewnumber=\"820\" data-pagination=\"{&quot;id&quot;:820,&quot;query&quot;:&quot;normal&quot;,&quot;type&quot;:&quot;disabled&quot;,&quot;effect&quot;:&quot;fade&quot;,&quot;duration&quot;:500,&quot;speed&quot;:5,&quot;pause_on_hover&quot;:&quot;disabled&quot;,&quot;stop_rollover&quot;:&quot;false&quot;,&quot;cache_pages&quot;:&quot;enabled&quot;,&quot;preload_images&quot;:&quot;enabled&quot;,&quot;preload_pages&quot;:&quot;enabled&quot;,&quot;preload_reach&quot;:1,&quot;spinner&quot;:&quot;builtin&quot;,&quot;spinner_image&quot;:&quot;https:\/\/www.codeliner.eu\/kliendid\/tavexwise\/wp-content\/plugins\/wp-views\/res\/img\/ajax-loader.gif&quot;,&quot;callback_next&quot;:&quot;&quot;,&quot;manage_history&quot;:&quot;enabled&quot;,&quot;has_controls_in_form&quot;:&quot;disabled&quot;,&quot;infinite_tolerance&quot;:&quot;0&quot;,&quot;max_pages&quot;:0,&quot;page&quot;:1,&quot;base_permalink&quot;:&quot;\/et\/wp-json\/wp\/v2\/pages\/141?wpv_view_count=820&amp;wpv_paged=WPV_PAGE_NUM&quot;,&quot;loop&quot;:{&quot;type&quot;:&quot;&quot;,&quot;name&quot;:&quot;&quot;,&quot;data&quot;:[],&quot;id&quot;:0}}\" data-permalink=\"\/et\/wp-json\/wp\/v2\/pages\/141?wpv_view_count=820\">\n\n\t\n\t\n       <div class=\"col-xs-12 col-sm-pull-6 col-sm-5 col-md-pull-6 col-md-5 col-lg-pull-6 col-lg-6 contactText\">\n\t\t\n          \n\t<div class=\"cco ef9\">\t  \n\n\t\t\t<h2>Filipiinid<\/h2>\n\t\t\t<ul class=\"contactMaplist list-inline\">\n\t\t\t\t<li><a data-riik=\"1\" class=\"contactE clickEE\">Eesti<\/a><\/li>\n\t\t\t\t<li><a data-riik=\"2\" class=\"active clickSE contactS\">Rootsi<\/a><\/li>\n\t\t\t\t<li><a data-riik=\"6\" class=\"contactB clickBG\">Bulgaaria<\/a><\/li>\n\t\t\t\t<li><a data-riik=\"8\" class=\"contactT clickDE\">Taani<\/a><\/li>\n                <li><a data-riik=\"9\" class=\"contactH clickPH\">Filipiinid<\/a><\/li>\n\t\t\t<\/ul>\n\n\t\t\t<div class=\"row\">\n\t\t\t\t<div class=\"col-xs-3 col-md-2 iconDivContact\">\n\t\t\t\t\t<div class=\"contactIcon2 contactIcon5\"><\/div>\n\t\t\t\t<\/div>\n\t\t\t\t<div class=\"col-xs-9 col-md-10 no-pad-left\">\n\t\t\t\t\t<p class=\"contactIconText offices \">philippines@tavexwise.com<\/p>\n\t\t\t\t<\/div>\n\t\t\t<\/div>\n\n\n\t\t\t<div class=\"row\">\n\t\t\t\t<div class=\"col-xs-3 col-md-2 iconDivContact\">\n\t\t\t\t\t<div class=\"contactIcon2 contactIcon6\"><\/div>\n\t\t\t\t<\/div>\n\t\t\t\t<div class=\"col-xs-9 col-md-10 no-pad-left\">\n\t\t\t\t\t<p class=\"contactIconText offices \">+372 627 9900<\/p>\n\t\t\t\t<\/div>\n\t\t\t<\/div>\n\n\t\t\t<div class=\"row\">\n\t\t\t\t<div class=\"col-xs-3 col-md-2 iconDivContact\">\n\t\t\t\t\t<div class=\"contactIcon2 contactIcon7\"><\/div>\n\t\t\t\t<\/div>\n\t\t\t\t<div class=\"col-xs-9 col-md-10 no-pad-left\">\n\t\t\t\t\t<p class=\"contactIconText offices \">1000+ kontorit<\/p>\n\t\t\t\t<\/div>\n\t\t\t<\/div>\n\t\t\n\t\t<div class=\"row officelist\">\n\t\t\t<div class=\"col-lg-6 \">\n\t\t\t\t<ul>\n                  \n                  \t<li>\n<p class=\"office-address\">L\u00e4bi TavexWise, v\u00f5ite saata nii sularaha kui ka teha raha\u00fclekandeid Filipiinidele. Raha\u00fclekannete puhul peab \u00fclekande saaja  omama kontot Banco de Oros ; raha v\u00e4ljastatakse mis tahes Banco de Oro b\u00fcroos, SM Forex , SM \u00c4rikeskus v\u00f5i maakonna pangad.<\/p>\n<\/li>\n\n                  \n\t\t\t\t<\/ul>\n\t\t\t<\/div>\n\t\t<\/div>\n\n\n          <\/div>\n          \n\t\t\n          \n\t<div class=\"cco ef8\">\t  \n\n\t\t\t<h2>Taani<\/h2>\n\t\t\t<ul class=\"contactMaplist list-inline\">\n\t\t\t\t<li><a data-riik=\"1\" class=\"contactE clickEE\">Eesti<\/a><\/li>\n\t\t\t\t<li><a data-riik=\"2\" class=\"active clickSE contactS\">Rootsi<\/a><\/li>\n\t\t\t\t<li><a data-riik=\"6\" class=\"contactB clickBG\">Bulgaaria<\/a><\/li>\n\t\t\t\t<li><a data-riik=\"8\" class=\"contactT clickDE\">Taani<\/a><\/li>\n                <li><a data-riik=\"9\" class=\"contactH clickPH\">Filipiinid<\/a><\/li>\n\t\t\t<\/ul>\n\n\t\t\t<div class=\"row\">\n\t\t\t\t<div class=\"col-xs-3 col-md-2 iconDivContact\">\n\t\t\t\t\t<div class=\"contactIcon2 contactIcon5\"><\/div>\n\t\t\t\t<\/div>\n\t\t\t\t<div class=\"col-xs-9 col-md-10 no-pad-left\">\n\t\t\t\t\t<p class=\"contactIconText offices \">denmark@tavexwise.com<\/p>\n\t\t\t\t<\/div>\n\t\t\t<\/div>\n\n\n\t\t\t<div class=\"row\">\n\t\t\t\t<div class=\"col-xs-3 col-md-2 iconDivContact\">\n\t\t\t\t\t<div class=\"contactIcon2 contactIcon6\"><\/div>\n\t\t\t\t<\/div>\n\t\t\t\t<div class=\"col-xs-9 col-md-10 no-pad-left\">\n\t\t\t\t\t<p class=\"contactIconText offices \">+45 3311 1510<\/p>\n\t\t\t\t<\/div>\n\t\t\t<\/div>\n\n\t\t\t<div class=\"row\">\n\t\t\t\t<div class=\"col-xs-3 col-md-2 iconDivContact\">\n\t\t\t\t\t<div class=\"contactIcon2 contactIcon7\"><\/div>\n\t\t\t\t<\/div>\n\t\t\t\t<div class=\"col-xs-9 col-md-10 no-pad-left\">\n\t\t\t\t\t<p class=\"contactIconText offices \">1 kontor<\/p>\n\t\t\t\t<\/div>\n\t\t\t<\/div>\n\t\t\n\t\t<div class=\"row officelist\">\n\t\t\t<div class=\"col-lg-6 \">\n\t\t\t\t<ul>\n                  \n                  \t<li>\n<p class=\"office-name\">PEAKONTOR, HOVEDBANEN<br \/>BERNSTORFFSGADE 16, KOPENHAAGEN V<\/p>\n<p class=\"office-address\">\nesmasp\u00e4ev \u2013 reede 09:00 \u2013 18:00<br \/>\nlaup\u00e4ev 09:00 - 17:00<br \/>\n<a href=\"https:\/\/goo.gl\/maps\/Av3Wsd42aMEmK9Fu8\" target=\"blank\">Vaata kaardil<\/a><\/p>\n<\/li>\n\n                  \n\t\t\t\t<\/ul>\n\t\t\t<\/div>\n\t\t<\/div>\n\n\n          <\/div>\n          \n\t\t\n          \n\t<div class=\"cco ef6\">\t  \n\n\t\t\t<h2>Bulgaaria<\/h2>\n\t\t\t<ul class=\"contactMaplist list-inline\">\n\t\t\t\t<li><a data-riik=\"1\" class=\"contactE clickEE\">Eesti<\/a><\/li>\n\t\t\t\t<li><a data-riik=\"2\" class=\"active clickSE contactS\">Rootsi<\/a><\/li>\n\t\t\t\t<li><a data-riik=\"6\" class=\"contactB clickBG\">Bulgaaria<\/a><\/li>\n\t\t\t\t<li><a data-riik=\"8\" class=\"contactT clickDE\">Taani<\/a><\/li>\n                <li><a data-riik=\"9\" class=\"contactH clickPH\">Filipiinid<\/a><\/li>\n\t\t\t<\/ul>\n\n\t\t\t<div class=\"row\">\n\t\t\t\t<div class=\"col-xs-3 col-md-2 iconDivContact\">\n\t\t\t\t\t<div class=\"contactIcon2 contactIcon5\"><\/div>\n\t\t\t\t<\/div>\n\t\t\t\t<div class=\"col-xs-9 col-md-10 no-pad-left\">\n\t\t\t\t\t<p class=\"contactIconText offices \">bulgaria@tavexwise.com<\/p>\n\t\t\t\t<\/div>\n\t\t\t<\/div>\n\n\n\t\t\t<div class=\"row\">\n\t\t\t\t<div class=\"col-xs-3 col-md-2 iconDivContact\">\n\t\t\t\t\t<div class=\"contactIcon2 contactIcon6\"><\/div>\n\t\t\t\t<\/div>\n\t\t\t\t<div class=\"col-xs-9 col-md-10 no-pad-left\">\n\t\t\t\t\t<p class=\"contactIconText offices \">+359 2 9888 666<\/p>\n\t\t\t\t<\/div>\n\t\t\t<\/div>\n\n\t\t\t<div class=\"row\">\n\t\t\t\t<div class=\"col-xs-3 col-md-2 iconDivContact\">\n\t\t\t\t\t<div class=\"contactIcon2 contactIcon7\"><\/div>\n\t\t\t\t<\/div>\n\t\t\t\t<div class=\"col-xs-9 col-md-10 no-pad-left\">\n\t\t\t\t\t<p class=\"contactIconText offices \">7 kontorit<\/p>\n\t\t\t\t<\/div>\n\t\t\t<\/div>\n\t\t\n\t\t<div class=\"row officelist\">\n\t\t\t<div class=\"col-lg-6 \">\n\t\t\t\t<ul>\n                  \n                  \t<li>\n<p class=\"office-name\">PEAKONTOR, SERDIKA KESKUS<br \/>48 Sitnyakovo boulevard, Sofia<\/p>\n<p class=\"office-address\">esmasp\u00e4ev\u2013 p\u00fchap\u00e4ev 10:00 \u2013 22:00<br \/><a href=\"https:\/\/goo.gl\/maps\/RSbyD\" target=\"blank\">Vaata kaardil<\/a><\/p>\n<\/li>\n\n                  \n                  \t<li>\n<p class=\"office-name\">MALL OF SOFIA<br \/>101 Alexander Stamboliyski boulevard, Sofia<\/p>\n<p class=\"office-address\">esmasp\u00e4ev \u2013 p\u00fchap\u00e4ev 10:00 \u2013 22:00<br \/><a href=\"https:\/\/goo.gl\/maps\/lXjNv\" target=\"blank\">Vaata kaardil<\/a><\/p>\n<\/li>\n\n                  \n                  \t<li>\n<p class=\"office-name\">PARADISE CENTER<br \/>100 Cherni Vrah boulevard, Sofia<\/p>\n<p class=\"office-address\">esmasp\u00e4ev \u2013 p\u00fchap\u00e4ev 10:00 \u2013 22:00<br \/><a href=\"https:\/\/goo.gl\/maps\/aDJuM\" target=\"blank\">Vaata kaardil<\/a><\/p>\n<\/li>\n\n                  \n                  \t<li>\n<p class=\"office-name\">THE MALL<br \/>116 Tsarigradsko Road boulevard, Sofia<\/p>\n<p class=\"office-address\">esmasp\u00e4ev \u2013 p\u00fchap\u00e4ev 10:00 \u2013 22:00<br \/><a href=\"https:\/\/goo.gl\/maps\/IZ5W9\" target=\"blank\">Vaata kaardil<\/a><\/p>\n<\/li>\n\n                  \n                  \t<li>\n<p class=\"office-name\">GALERIA MALL<br \/>6 Yanko Komitov street, Burgas<\/p>\n<p class=\"office-address\">esmasp\u00e4ev \u2013 p\u00fchap\u00e4ev 10:00 \u2013 22:00<br \/><a href=\"https:\/\/goo.gl\/maps\/5OzXz\" target=\"blank\">Vaata kaardil<\/a><\/p>\n<\/li>\n\n                  \n                  \t<li>\n<p class=\"office-name\">DJUMAYATA<br \/>2 Aleksander Batenberg street, Djumayata, Plovdiv<\/p>\n<p class=\"office-address\">esmasp\u00e4ev \u2013 reede 08:30 \u2013 20:00<br \/>laup\u00e4ev \u2013 p\u00fchap\u00e4ev 09:30 \u2013 20:00<br \/><a href=\"https:\/\/goo.gl\/maps\/zp4Iw\" target=\"blank\">Vaata kaardil<\/a><\/p>\n<\/li>\n\n                  \n                  \t<li>\n<p class=\"office-name\">GRAND MALL<br \/>2 Andrey Saharov boulevard, Varna<\/p>\n<p class=\"office-address\">esmasp\u00e4ev \u2013 p\u00fchap\u00e4ev 10:00 \u2013 22:00<br \/><a href=\"https:\/\/goo.gl\/maps\/T6Hpw\" target=\"blank\">Vaata kaardil<\/a><\/p>\n<\/li>\n\n                  \n\t\t\t\t<\/ul>\n\t\t\t<\/div>\n\t\t<\/div>\n\n\n          <\/div>\n          \n\t\t\n          \n\t<div class=\"cco ef2\">\t  \n\n\t\t\t<h2>Rootsi<\/h2>\n\t\t\t<ul class=\"contactMaplist list-inline\">\n\t\t\t\t<li><a data-riik=\"1\" class=\"contactE clickEE\">Eesti<\/a><\/li>\n\t\t\t\t<li><a data-riik=\"2\" class=\"active clickSE contactS\">Rootsi<\/a><\/li>\n\t\t\t\t<li><a data-riik=\"6\" class=\"contactB clickBG\">Bulgaaria<\/a><\/li>\n\t\t\t\t<li><a data-riik=\"8\" class=\"contactT clickDE\">Taani<\/a><\/li>\n                <li><a data-riik=\"9\" class=\"contactH clickPH\">Filipiinid<\/a><\/li>\n\t\t\t<\/ul>\n\n\t\t\t<div class=\"row\">\n\t\t\t\t<div class=\"col-xs-3 col-md-2 iconDivContact\">\n\t\t\t\t\t<div class=\"contactIcon2 contactIcon5\"><\/div>\n\t\t\t\t<\/div>\n\t\t\t\t<div class=\"col-xs-9 col-md-10 no-pad-left\">\n\t\t\t\t\t<p class=\"contactIconText offices \">sweden@tavexwise.com<\/p>\n\t\t\t\t<\/div>\n\t\t\t<\/div>\n\n\n\t\t\t<div class=\"row\">\n\t\t\t\t<div class=\"col-xs-3 col-md-2 iconDivContact\">\n\t\t\t\t\t<div class=\"contactIcon2 contactIcon6\"><\/div>\n\t\t\t\t<\/div>\n\t\t\t\t<div class=\"col-xs-9 col-md-10 no-pad-left\">\n\t\t\t\t\t<p class=\"contactIconText offices \">+46 8\u00a0678 2030<\/p>\n\t\t\t\t<\/div>\n\t\t\t<\/div>\n\n\t\t\t<div class=\"row\">\n\t\t\t\t<div class=\"col-xs-3 col-md-2 iconDivContact\">\n\t\t\t\t\t<div class=\"contactIcon2 contactIcon7\"><\/div>\n\t\t\t\t<\/div>\n\t\t\t\t<div class=\"col-xs-9 col-md-10 no-pad-left\">\n\t\t\t\t\t<p class=\"contactIconText offices \">2 kontorit<\/p>\n\t\t\t\t<\/div>\n\t\t\t<\/div>\n\t\t\n\t\t<div class=\"row officelist\">\n\t\t\t<div class=\"col-lg-6 \">\n\t\t\t\t<ul>\n                  \n                  \t<li>\n<p class=\"office-name\">PEAKONTOR<br \/>SM\u00c5LANDSGATAN 9, 111 46 STOCKHOLM<\/p>\n<p class=\"office-address\">esmasp\u00e4ev \u2013 reede 09:00 \u2013 18:00<br \/>laup\u00e4ev 11:00 \u2013 16:00<br \/><a href=\"https:\/\/goo.gl\/maps\/RNP88\" target=\"blank\">Vaata kaardil<\/a><\/p>\n<\/li>\n\n                  \n                  \t<li>\n<p class=\"office-name\">LILJEHOLMSTORGET GALLERIA<br \/>LILJEHOLMSTORGET 7, 117 63 STOCKHOLM<\/p>\n<p class=\"office-address\">esmasp\u00e4ev \u2013 reede 09:00 \u2013 20:00<br \/>laup\u00e4ev \u2013 p\u00fchap\u00e4ev 10:00 \u2013 18:00<br \/><a href=\"https:\/\/goo.gl\/maps\/WRx13\" target=\"blank\">Vaata kaardil<\/a><\/p>\n<\/li>\n\n                  \n\t\t\t\t<\/ul>\n\t\t\t<\/div>\n\t\t<\/div>\n\n\n          <\/div>\n          \n\t\t\n          \n\t<div class=\"cco ef1\">\t  \n\n\t\t\t<h2>Eesti<\/h2>\n\t\t\t<ul class=\"contactMaplist list-inline\">\n\t\t\t\t<li><a data-riik=\"1\" class=\"contactE clickEE\">Eesti<\/a><\/li>\n\t\t\t\t<li><a data-riik=\"2\" class=\"active clickSE contactS\">Rootsi<\/a><\/li>\n\t\t\t\t<li><a data-riik=\"6\" class=\"contactB clickBG\">Bulgaaria<\/a><\/li>\n\t\t\t\t<li><a data-riik=\"8\" class=\"contactT clickDE\">Taani<\/a><\/li>\n                <li><a data-riik=\"9\" class=\"contactH clickPH\">Filipiinid<\/a><\/li>\n\t\t\t<\/ul>\n\n\t\t\t<div class=\"row\">\n\t\t\t\t<div class=\"col-xs-3 col-md-2 iconDivContact\">\n\t\t\t\t\t<div class=\"contactIcon2 contactIcon5\"><\/div>\n\t\t\t\t<\/div>\n\t\t\t\t<div class=\"col-xs-9 col-md-10 no-pad-left\">\n\t\t\t\t\t<p class=\"contactIconText offices \">estonia@tavexwise.com<\/p>\n\t\t\t\t<\/div>\n\t\t\t<\/div>\n\n\n\t\t\t<div class=\"row\">\n\t\t\t\t<div class=\"col-xs-3 col-md-2 iconDivContact\">\n\t\t\t\t\t<div class=\"contactIcon2 contactIcon6\"><\/div>\n\t\t\t\t<\/div>\n\t\t\t\t<div class=\"col-xs-9 col-md-10 no-pad-left\">\n\t\t\t\t\t<p class=\"contactIconText offices \">+372 627 9900<\/p>\n\t\t\t\t<\/div>\n\t\t\t<\/div>\n\n\t\t\t<div class=\"row\">\n\t\t\t\t<div class=\"col-xs-3 col-md-2 iconDivContact\">\n\t\t\t\t\t<div class=\"contactIcon2 contactIcon7\"><\/div>\n\t\t\t\t<\/div>\n\t\t\t\t<div class=\"col-xs-9 col-md-10 no-pad-left\">\n\t\t\t\t\t<p class=\"contactIconText offices \">5 kontorit<\/p>\n\t\t\t\t<\/div>\n\t\t\t<\/div>\n\t\t\n\t\t<div class=\"row officelist\">\n\t\t\t<div class=\"col-lg-6 \">\n\t\t\t\t<ul>\n                  \n                  \t<li>\n<p class=\"office-name\">\nV\u00c4IKE-J\u00c4RVE PEAKONTOR<br \/>\nP\u00c4RNU MNT 186, TALLINN<\/p>\n<p class=\"office-address\">esmasp\u00e4ev \u2013 reede 09:00 \u2013 19:00 <br \/>\nlaup\u00e4ev 09:00 \u2013 15:00<br \/>\n<a href=\"https:\/\/g.page\/VaikeJarve?share\" target=\"blank\">Vaata kaardil<\/a><\/p>\n<\/li>\n\n                  \n                  \t<li>\n<p class=\"office-name\">KRISTIINE KESKUS<br \/>ENDLA 45, TALLINN<\/p>\n<p class=\"office-address\">esmasp\u00e4ev \u2013 laup\u00e4ev 10:00 \u2013 19:00<br \/><a href=\"https:\/\/goo.gl\/maps\/Lh03H\" target=\"blank\">Vaata kaardil<\/a><\/p>\n<\/li>\n\n                  \n                  \t<li>\n<p class=\"office-name\">ROCCA AL MARE KESKUS<br \/>PALDISKI MNT 102, TALLINN<\/p>\n<p class=\"office-address\">esmasp\u00e4ev \u2013 laup\u00e4ev 10:00 \u2013 21:00 p\u00fchap\u00e4ev 10 \u2013 19<br \/><a href=\"https:\/\/goo.gl\/maps\/yhKqy\" target=\"blank\">Vaata kaardil<\/a><\/p>\n<\/li>\n\n                  \n                  \t<li>\n<p class=\"office-name\">SIKUPILLI KESKUS<br \/>TARTU MNT 87, TALLINN<\/p>\n<p class=\"office-address\">esmasp\u00e4ev \u2013 laup\u00e4ev 09:00 \u2013 21:00 p\u00fchap\u00e4ev 10 \u2013 19<br \/><a href=\"https:\/\/goo.gl\/maps\/YoVt0\" target=\"blank\">Vaata kaardil<\/a><\/p>\n<\/li>\n\n                  \n                  \t<li>\n<p class=\"office-name\">L\u00d5UNAKESKUS<br \/>RINGTEE 75, TARTU<\/p>\n<p class=\"office-address\">esmasp\u00e4ev \u2013 reede 09:00 \u2013 19:00<br \/>laup\u00e4ev \u2013 p\u00fchap\u00e4ev 10:00 \u2013 19:00<br \/><a href=\"https:\/\/goo.gl\/maps\/c66zd\" target=\"blank\">Vaata kaardil<\/a><\/p>\n<\/li>\n\n                  \n\t\t\t\t<\/ul>\n\t\t\t<\/div>\n\t\t<\/div>\n\n\n          <\/div>\n          \n\t\t\n          \n          <\/div>\n\n          \n\t\n\t\n\t\n<\/div>\n\n     \n      \n      \n      <!--\n\t\t<div class=\"col-xs-12 col-sm-pull-6 col-sm-5 col-md-pull-6 col-md-5 col-lg-pull-6 col-lg-6 contactText\">\n\n\t\t\t<h2>Sweden<\/h2>\n\t\t\t<ul class=\"contactMaplist list-inline\">\n\t\t\t\t<li><a data-riik=\"1\" class=\"contactE clickEE\">[wpml-string context=\"wpv-views\"]Estonia[\/wpml-string]<\/a><\/li>\n\t\t\t\t<li><a data-riik=\"2\" class=\"active clickSE contactS\">[wpml-string context=\"wpv-views\"]Sweden[\/wpml-string]<\/a><\/li>\n\t\t\t\t<li><a data-riik=\"3\" class=\"contactL clickLV\">[wpml-string context=\"wpv-views\"]Latvia[\/wpml-string]<\/a><\/li>\n\t\t\t\t<li><a data-riik=\"4\" class=\"contactN clickNO\">[wpml-string context=\"wpv-views\"]Norway[\/wpml-string]<\/a><\/li>\n\t\t\t\t<li><a data-riik=\"5\" class=\"contactP clickPL\">[wpml-string context=\"wpv-views\"]Poland[\/wpml-string]<\/a><\/li>\n\t\t\t\t<li><a data-riik=\"6\" class=\"contactB clickBG\">[wpml-string context=\"wpv-views\"]Bulgaria[\/wpml-string]<\/a><\/li>\n\t\t\t\t<li><a data-riik=\"7\" class=\"contactF clickFI\">[wpml-string context=\"wpv-views\"]Finland[\/wpml-string]<\/a><\/li>\n\t\t\t\t<li><a data-riik=\"8\" class=\"contactT clickDE\">[wpml-string context=\"wpv-views\"]Denmark[\/wpml-string]<\/a><\/li>\n\t\t\t\t<li><a data-riik=\"9\" class=\"contactH clickPH\">[wpml-string context=\"wpv-views\"]Philippines[\/wpml-string]<\/a><\/li>\n\t\t\t<\/ul>\n\n\t\t\t<div class=\"row\">\n\t\t\t\t<div class=\"col-xs-3 col-md-2 iconDivContact\">\n\t\t\t\t\t<div class=\"contactIcon2 contactIcon5\"><\/div>\n\t\t\t\t<\/div>\n\t\t\t\t<div class=\"col-xs-9 col-md-10 no-pad-left\">\n\t\t\t\t\t<p class=\"contactIconText email\"><\/p>\n\t\t\t\t<\/div>\n\t\t\t<\/div>\n\n\n\t\t\t<div class=\"row\">\n\t\t\t\t<div class=\"col-xs-3 col-md-2 iconDivContact\">\n\t\t\t\t\t<div class=\"contactIcon2 contactIcon6\"><\/div>\n\t\t\t\t<\/div>\n\t\t\t\t<div class=\"col-xs-9 col-md-10 no-pad-left\">\n\t\t\t\t\t<p class=\"contactIconText number\"><\/p>\n\t\t\t\t<\/div>\n\t\t\t<\/div>\n\n\t\t\t<div class=\"row\">\n\t\t\t\t<div class=\"col-xs-3 col-md-2 iconDivContact\">\n\t\t\t\t\t<div class=\"contactIcon2 contactIcon7\"><\/div>\n\t\t\t\t<\/div>\n\t\t\t\t<div class=\"col-xs-9 col-md-10 no-pad-left\">\n\t\t\t\t\t<p class=\"contactIconText offices\"><\/p>\n\t\t\t\t<\/div>\n\t\t\t<\/div>\n\t\t\n\t\t<div class=\"row officelist\">\n\t\t\t<div class=\"col-lg-6 \">\n\t\t\t\t<ul>\n\t\t\t\t<\/ul>\n\t\t\t<\/div>\n\t\t<\/div>\n\n\n<\/div>\n\t<\/div>\n-->\n\n\n\n\t\t<\/div>\n\t<\/div>\n<\/div>\n\n","protected":false},"excerpt":{"rendered":"","protected":false},"author":9,"featured_media":0,"parent":0,"menu_order":0,"comment_status":"closed","ping_status":"closed","template":"page-contact-new.php","meta":[],"yoast_head":"<!-- This site is optimized with the Yoast SEO plugin v19.13 - https:\/\/yoast.com\/wordpress\/plugins\/seo\/ -->\n<title>TavexWise<\/title>\n<meta name=\"robots\" content=\"index, follow, max-snippet:-1, max-image-preview:large, max-video-preview:-1\" \/>\n<link rel=\"canonical\" href=\"https:\/\/tavexwise.com\/et\/vota-uhendust\/\" \/>\n<meta property=\"og:locale\" content=\"et_EE\" \/>\n<meta property=\"og:type\" content=\"article\" \/>\n<meta property=\"og:url\" content=\"https:\/\/tavexwise.com\/et\/vota-uhendust\/\" \/>\n<meta property=\"og:site_name\" content=\"TavexWise\" \/>\n<meta property=\"article:modified_time\" content=\"2022-04-28T11:14:13+00:00\" \/>\n<script type=\"application\/ld+json\" class=\"yoast-schema-graph\">{\"@context\":\"https:\/\/schema.org\",\"@graph\":[{\"@type\":\"WebPage\",\"@id\":\"https:\/\/tavexwise.com\/et\/vota-uhendust\/\",\"url\":\"https:\/\/tavexwise.com\/et\/vota-uhendust\/\",\"name\":\"\",\"isPartOf\":{\"@id\":\"https:\/\/tavexwise.com\/et\/#website\"},\"datePublished\":\"2014-12-01T13:09:44+00:00\",\"dateModified\":\"2022-04-28T11:14:13+00:00\",\"breadcrumb\":{\"@id\":\"https:\/\/tavexwise.com\/et\/vota-uhendust\/#breadcrumb\"},\"inLanguage\":\"et\",\"potentialAction\":[{\"@type\":\"ReadAction\",\"target\":[\"https:\/\/tavexwise.com\/et\/vota-uhendust\/\"]}]},{\"@type\":\"BreadcrumbList\",\"@id\":\"https:\/\/tavexwise.com\/et\/vota-uhendust\/#breadcrumb\",\"itemListElement\":[{\"@type\":\"ListItem\",\"position\":1,\"name\":\"Home\",\"item\":\"https:\/\/tavexwise.com\/et\/\"},{\"@type\":\"ListItem\",\"position\":2,\"name\":\"V\u00f5ta \u00fchendust\"}]},{\"@type\":\"WebSite\",\"@id\":\"https:\/\/tavexwise.com\/et\/#website\",\"url\":\"https:\/\/tavexwise.com\/et\/\",\"name\":\"TavexWise\",\"description\":\"Send Money Abroad in 5 Minutes with TavexWise\",\"potentialAction\":[{\"@type\":\"SearchAction\",\"target\":{\"@type\":\"EntryPoint\",\"urlTemplate\":\"https:\/\/tavexwise.com\/et\/?s={search_term_string}\"},\"query-input\":\"required name=search_term_string\"}],\"inLanguage\":\"et\"}]}<\/script>\n<!-- \/ Yoast SEO plugin. -->","yoast_head_json":{"title":"TavexWise","robots":{"index":"index","follow":"follow","max-snippet":"max-snippet:-1","max-image-preview":"max-image-preview:large","max-video-preview":"max-video-preview:-1"},"canonical":"https:\/\/tavexwise.com\/et\/vota-uhendust\/","og_locale":"et_EE","og_type":"article","og_url":"https:\/\/tavexwise.com\/et\/vota-uhendust\/","og_site_name":"TavexWise","article_modified_time":"2022-04-28T11:14:13+00:00","schema":{"@context":"https:\/\/schema.org","@graph":[{"@type":"WebPage","@id":"https:\/\/tavexwise.com\/et\/vota-uhendust\/","url":"https:\/\/tavexwise.com\/et\/vota-uhendust\/","name":"","isPartOf":{"@id":"https:\/\/tavexwise.com\/et\/#website"},"datePublished":"2014-12-01T13:09:44+00:00","dateModified":"2022-04-28T11:14:13+00:00","breadcrumb":{"@id":"https:\/\/tavexwise.com\/et\/vota-uhendust\/#breadcrumb"},"inLanguage":"et","potentialAction":[{"@type":"ReadAction","target":["https:\/\/tavexwise.com\/et\/vota-uhendust\/"]}]},{"@type":"BreadcrumbList","@id":"https:\/\/tavexwise.com\/et\/vota-uhendust\/#breadcrumb","itemListElement":[{"@type":"ListItem","position":1,"name":"Home","item":"https:\/\/tavexwise.com\/et\/"},{"@type":"ListItem","position":2,"name":"V\u00f5ta \u00fchendust"}]},{"@type":"WebSite","@id":"https:\/\/tavexwise.com\/et\/#website","url":"https:\/\/tavexwise.com\/et\/","name":"TavexWise","description":"Send Money Abroad in 5 Minutes with TavexWise","potentialAction":[{"@type":"SearchAction","target":{"@type":"EntryPoint","urlTemplate":"https:\/\/tavexwise.com\/et\/?s={search_term_string}"},"query-input":"required name=search_term_string"}],"inLanguage":"et"}]}},"_links":{"self":[{"href":"https:\/\/tavexwise.com\/et\/wp-json\/wp\/v2\/pages\/141"}],"collection":[{"href":"https:\/\/tavexwise.com\/et\/wp-json\/wp\/v2\/pages"}],"about":[{"href":"https:\/\/tavexwise.com\/et\/wp-json\/wp\/v2\/types\/page"}],"author":[{"embeddable":true,"href":"https:\/\/tavexwise.com\/et\/wp-json\/wp\/v2\/users\/9"}],"replies":[{"embeddable":true,"href":"https:\/\/tavexwise.com\/et\/wp-json\/wp\/v2\/comments?post=141"}],"version-history":[{"count":3,"href":"https:\/\/tavexwise.com\/et\/wp-json\/wp\/v2\/pages\/141\/revisions"}],"predecessor-version":[{"id":829,"href":"https:\/\/tavexwise.com\/et\/wp-json\/wp\/v2\/pages\/141\/revisions\/829"}],"wp:attachment":[{"href":"https:\/\/tavexwise.com\/et\/wp-json\/wp\/v2\/media?parent=141"}],"curies":[{"name":"wp","href":"https:\/\/api.w.org\/{rel}","templated":true}]}}