{"id":1121,"date":"2014-12-15T07:58:14","date_gmt":"2014-12-15T05:58:14","guid":{"rendered":"http:\/\/bitfiner.com\/clients\/tavexwise-web\/?page_id=1121"},"modified":"2022-01-19T13:41:22","modified_gmt":"2022-01-19T11:41:22","slug":"tingimused","status":"publish","type":"page","link":"https:\/\/tavexwise.com\/et\/tingimused\/","title":{"rendered":"Lepingutingimused"},"content":{"rendered":"<div class=\"row\">\n<div class=\"col-lg-8 col-md-12 col-sm-12 col-xs-12\">\n<ol>\n<li>Lepingu pooled<\/li>\n<\/ol>\n<p>1.1.\u00a0\u00a0\u00a0\u00a0\u00a0\u00a0\u00a0 Teenuse osutaja on TavexWise AS, registrikoodiga 12641402, aadressiga P\u00e4rnu mnt 186, Tallinn, <a href=\"http:\/\/tavexwise.com\">tavexwise.com<\/a> , kellele on Eesti Finantsinspektsiooni poolt v\u00e4ljastatud rahasiirde osutamise tegevusluba <a href=\"https:\/\/www.fi.ee\/et\/makseteenused\/makseteenused\/makseasutused\/eesti-makseasutused\/tavexwise\">https:\/\/www.fi.ee\/et\/makseteenused\/makseteenused\/makseasutused\/eesti-makseasutused\/tavexwise<\/a> .<\/p>\n<p>Eesti Finantsinspektsiooni kontaktandmed on <a href=\"mailto:info@fi.ee\">info@fi.ee<\/a> , +372 668 0500, Sakala 4, 15030 Tallinn, Eesti. Eesti Finantsinspektsiooni koduleht asub aadressil <a href=\"http:\/\/www.fi.ee\">www.fi.ee<\/a> .<\/p>\n<p>1.2. Teenuse saaja ehk Klient on iga f\u00fc\u00fcsiline v\u00f5i juriidiline isik, kellele Teenuse osutaja osutab punktis 3.2. loetletud teenuseid.<\/p>\n<p>1.3. Teenuse osutajat ja Klienti nimetatakse edaspidi ka kui \u201ePool&#8221; v\u00f5i \u00fchiselt \u201ePooled&#8221;.<\/p>\n<ol start=\"2\">\n<li>\u00dclds\u00e4tted<\/li>\n<\/ol>\n<p>2.1. Tehingute teostamise tingimustes (edaspidi \u201cTingimused\u201d) lepivad Teenuse osutaja ja Klient kokku tehingute teostamise p\u00f5him\u00f5tted.<\/p>\n<p>2.2. Tingimused on Teenuse osutaja ja Kliendi vahel s\u00f5lmitud kliendilepingu lahutamatuks osaks ning on leitavad Teenuse osutaja kodulehel <a href=\"https:\/\/tavexwise.com\/et\/tingimused\/\">https:\/\/tavexwise.com\/et\/tingimused\/<\/a><\/p>\n<p>2.3. Muuhulgas kohaldatakse Tingimusi ka muudele tehingutele, mida Teenuse osutaja osutab, kuid mille teostamise eelduseks ei ole kliendilepingu olemasolu.<\/p>\n<p>2.4. Teenuse osutaja poolt osutatavate tehingute loetelu ja kirjeldus on k\u00e4ttesaadav Teenuse osutaja kodulehek\u00fcljel <a href=\"https:\/\/tavexwise.com\">https:\/\/tavexwise.com<\/a><\/p>\n<p>2.5. Kliendileping s\u00f5lmitakse suuliselt v\u00f5i kirjalikult.<\/p>\n<ol start=\"3\">\n<li>M\u00f5isted<\/li>\n<\/ol>\n<p>3.1.\u00a0 Makseteenus on makseasutuste ja e-rahaasutuste seaduses (MERAS) loetletud makseteenused, mille osutamise eelduseks on Finantsinspektsiooni poolt v\u00e4ljastatud tegevusluba.<\/p>\n<p>3.2. Rahasiire on makseteenus MERAS \u00a7 3 lg 1 p 6 m\u00f5ttes, millega maksek\u00e4sundi saaja (TavexWise AS v\u00f5i tema agent) edastab maksek\u00e4sundi andja poolt raha maksek\u00e4sundi andja antud juhiste kohaselt soodustatud isikule.<\/p>\n<p>3.3. Maksja on isik, kes annab maksejuhise.<\/p>\n<p>3.4.\u00a0 Saaja on isik, kes on maksejuhise kohaselt soodustatud isik.<\/p>\n<p>3.5. Maksetehing on igasugune sularaha sissemaksmine ja v\u00e4ljamaksmine ning raha \u00fclekandmine, s\u00f5ltumata selle aluseks olevast maksja ja saaja vahelisest \u00f5igussuhtest.<\/p>\n<p>3.6.\u00a0 Maksejuhis on igasugune maksetehingu tegemise korraldus (juhis), mille maksja annab Teenuse osutajale.<\/p>\n<p>3.7. Makseagent on volituse alusel tegutsev makseasutuse esindaja, kes v\u00f5ib osutada makseteenuseid makseasutuse nimel.<\/p>\n<ol start=\"4\">\n<li>Osutavate teenuste sisu<\/li>\n<\/ol>\n<p>4.1. Teenuse osutaja osutab ise v\u00f5i l\u00e4bi oma makseagentide punktis 3.2. nimetatud teenuseid.<\/p>\n<ol start=\"5\">\n<li>Kliendi identifitseerimine<\/li>\n<\/ol>\n<p>5.1.\u00a0\u00a0\u00a0\u00a0\u00a0\u00a0\u00a0 Teenuse osutaja identifitseerib Kliendi ja\/v\u00f5i tema esindaja vastavalt Eesti \u00f5igusaktides kehtestatud n\u00f5uetele ja enda poolt m\u00e4\u00e4ratud tingimustele.<\/p>\n<p>5.2.\u00a0\u00a0\u00a0\u00a0\u00a0\u00a0\u00a0 Klient ja\/v\u00f5i tema esindaja identifitseeritakse isikut t\u00f5endavate dokumentide seaduses loetletud isikut t\u00f5endava dokumendi alusel. Isikuandmete v\u00f5i kannetega lehek\u00fclgedest teeb Teenuse osutaja koopia.<\/p>\n<p>5.3.\u00a0\u00a0\u00a0\u00a0\u00a0\u00a0\u00a0 Eestis registreeritud juriidiline isik identifitseeritakse e-\u00e4riregistri elektroonse v\u00e4ljav\u00f5tte kaudu. V\u00e4lisriigi juriidilise isiku isikusamasus tuvastatakse asjakohase registri v\u00e4ljav\u00f5tte v\u00f5i registreerimistunnistuse \u00e4rakirja v\u00f5i sellega v\u00f5rdv\u00e4\u00e4rse dokumendi alusel.<\/p>\n<p>5.4. Esindamine<\/p>\n<p>5.4.1.\u00a0\u00a0\u00a0\u00a0 Eeldatakse, et Klient t\u00e4idab k\u00e4esolevast lepingust tulenevaid kohustusi v\u00f5i realiseerib \u00f5igusi isiklikult v\u00f5i seadusliku esindaja kaudu. Klient v\u00f5i tema seaduslik esindaja v\u00f5ib m\u00e4\u00e4ratleda esindaja(d), kelle esindus\u00f5igus ei tulene seadusest, \u00fcksnes Teenuse osutaja juures.<\/p>\n<p>5.4.2.\u00a0\u00a0\u00a0\u00a0 Esindus\u00f5igust t\u00f5endav dokument, mis ei ole vormistatud Teenuse osutaja juures, peab olema notariaalselt t\u00f5estatud.<\/p>\n<p>5.4.3.\u00a0\u00a0\u00a0\u00a0 Teenuse osutaja keeldub teenuse osutamisest v\u00f5i tehingu tegemisest, kui tal tekib kahtlus, et teenust kasutada sooviv isik ei ole selleks \u00f5igustatud.<\/p>\n<p>5.4.4.\u00a0\u00a0\u00a0\u00a0 Klient on viivitamata kohustatud kirjalikku taasesitamist v\u00f5imaldavas vormis teatama Teenuse osutajale Lepingus v\u00f5i selle lisas m\u00e4\u00e4ratud volitatud isiku(te) volitus(te) l\u00f5ppemisest.<\/p>\n<p>5.5. Dokumentidele esitatavad n\u00f5uded<\/p>\n<p>5.5.1.\u00a0\u00a0\u00a0\u00a0 Klient on kohustatud esitama Teenuse osutajale originaaldokumendid v\u00f5i notariaalselt v\u00f5i sellega samav\u00e4\u00e4rselt kinnitatud koopiad.<\/p>\n<p>5.5.2.\u00a0\u00a0\u00a0\u00a0 Teenuse osutajal on \u00f5igus eeldada, et Kliendi esitatud dokument on ehtne, kehtiv ja \u00f5ige.<\/p>\n<p>5.5.3.\u00a0\u00a0\u00a0\u00a0 Teenuse osutajal on \u00f5igus n\u00f5uda, et v\u00e4lisriigis v\u00e4lja antud dokument oleks legaliseeritud v\u00f5i kinnitatud apostilliga, v\u00e4lja arvatud juhul, kui Eesti Vabariigi ja vastava v\u00e4lisriigi vahelise lepinguga on m\u00e4\u00e4ratud teisiti.<\/p>\n<p>5.5.4.\u00a0\u00a0\u00a0\u00a0 V\u00f5\u00f5rkeelse dokumendi korral on Teenuse osutajal \u00f5igus n\u00f5uda dokumendi t\u00f5lget eesti keelde v\u00f5i m\u00f5nda teise Teenuse osutaja poolt aktsepteeritud keelde. T\u00f5lke peab olema kinnitanud vandet\u00f5lk v\u00f5i notar.<\/p>\n<p>5.5.5.\u00a0\u00a0\u00a0\u00a0 Teenuse osutajal on \u00f5igus teha Kliendi esitatud dokumendist koopia v\u00f5i j\u00e4tta v\u00f5imaluse korral endale dokumendi originaal.<\/p>\n<p>5.5.6.\u00a0\u00a0\u00a0\u00a0 Kui Klient on esitanud dokumendi, mis ei vasta Teenuse osutaja n\u00f5uetele v\u00f5i mille \u00f5igsuses Teenuse osutaja kahtleb, on Teenuse osutajal \u00f5igus j\u00e4tta Kliendi korraldus t\u00e4itmata, samuti n\u00f5uda lisadokumentide esitamist.<\/p>\n<ol start=\"6\">\n<li>Rahapesu ja terrorismi rahastamise t\u00f5kestamine<\/li>\n<\/ol>\n<p>6.1. Teenuse osutaja rakendab nii Eesti riigi poolt kehtestatud, kui ka rahvusvahelisi rahapesu ja terrorismi rahastamise t\u00f5kestamise meetmeid, lisaks TavexWise AS kehtestatud rahapesu ja terrorismi rahastamise t\u00f5kestamise juhendist tulenevaid hoolsusmeetmeid.<\/p>\n<p>6.2. Eeltoodust l\u00e4htudes on Teenuse osutajal sealhulgas \u00f5igus:<\/p>\n<p>6.2.1.\u00a0\u00a0\u00a0\u00a0 kontrollida regulaarselt Kliendi identifitseerimise aluseks olevaid andmeid ning n\u00f5uda Kliendilt lisadokumentide ja andmete esitamist;<\/p>\n<p>6.2.2.\u00a0\u00a0\u00a0\u00a0 Klient v\u00f5i Kliendi esindaja isik uuesti identifitseerida, kui Teenuse osutaja kahtleb algse identifitseerimise k\u00e4igus saadud info \u00f5igsuses;<\/p>\n<p>6.2.3.\u00a0\u00a0\u00a0\u00a0 kehtestada ajutisi v\u00f5i alalisi piiranguid Makseteenuse kasutamisele;<\/p>\n<p>6.2.4.\u00a0\u00a0\u00a0\u00a0 n\u00f5uda dokumente ja andmeid Kliendi tegevuse kohta, sealhulgas andmeid Kliendi lepingupartnerite, k\u00e4ibe, v\u00e4lismaksete, sularahatehingute ja sularahata tehingute osakaalu kohta, samuti andmeid tehingu eesm\u00e4rgi, olemuse ning Kliendi vara v\u00f5i tehingus kasutatud vahendite p\u00e4ritolu seaduslikkuse kohta;<\/p>\n<p>6.2.5.\u00a0\u00a0\u00a0\u00a0 n\u00f5uda Kliendilt tehingute aluseks olevaid dokumente (nt m\u00fc\u00fcgi-, \u00fc\u00fcri-, tarnelepinguid, kaubaga seotud dokumente vms), samuti andmeid v\u00f5i dokumente tehingu vastaspoole, tegeliku kasusaaja v\u00f5i muu tehinguga seotud isiku kohta.<\/p>\n<ol start=\"7\">\n<li>Kliendi korraldused<\/li>\n<\/ol>\n<p>7.1. Klient esitab korraldused ja muud teated Tingimuste punktis 12 s\u00e4testatud viisil. Korraldus v\u00f5ib olla suunatud \u00fche- v\u00f5i mitmekordse tehingu tegemiseks.<\/p>\n<p>7.2. Eeldatakse, et korraldus vastab Kliendi tahtele, kuni Klient ei ole andnud esialgset korraldust muutvat korraldust. Teenuse osutaja aktsepteerib \u00fcksnes korraldusi, mis on tehtud koosk\u00f5las Kliendi ja Teenuse osutaja vahelise lepinguga ja mis ei ole vastuolus Eesti \u00f5igusaktidega.<\/p>\n<p>7.3. Kui Klient on teenuse osutamiseks vajalikud rahalised vahendid Teenuse osutajale \u00fcle andnud, on viimasel \u00f5igus eeldada, et Klient on tutvunud ja n\u00f5ustunud k\u00f5igi Teenuse osutaja poolt vastava teenuse suhtes rakendatavate tingimustega (sh teenustasude ja t\u00e4htaegadega).<\/p>\n<p>7.4. Kui Kliendi poolt esitatud korraldus on vigane v\u00f5i puudulik, on Teenuse osutajal \u00f5igus korraldus t\u00e4ita vastavalt Poolte vahel varasemalt kujunenud praktikale, heale tavale v\u00f5i l\u00e4htudes parimast praktikast v\u00f5i j\u00e4tta \u00fcldse korraldus t\u00e4itmata. Korralduse t\u00e4itmata j\u00e4tmisel teavitab Teenuse osutaja sellest Klienti.<\/p>\n<p>7.5. Klient ei saa maksejuhist tagasi v\u00f5tta, kui maksejuhis on Teenuse osutajale k\u00e4tte toimetatud, see on autoriseeritud ja maksejuhise kohaselt on asutud maksejuhist t\u00e4itma v\u00f5i see on t\u00e4idetud.<\/p>\n<p>7.5.1. Poolte n\u00f5usolekul v\u00f5ib tagasi v\u00f5tta mitme maksetehingu tegemiseks antud n\u00f5usoleku, muuhulgas\u00a0 nii,\u00a0 et\u00a0 autoriseerimata makseks\u00a0 loetakse iga\u00a0 makse, mis\u00a0 j\u00e4rgneb tagasiv\u00f5tmise avalduse k\u00e4ttesaamisele Teenuse osutaja poolt.<\/p>\n<p>7.5.2. Kui Teenuse osutaja ja tema Klient on maksejuhise t\u00e4itmise p\u00e4eva kokku leppinud, v\u00f5ib Klient v\u00f5tta maksejuhise tagasi kokkulepitud p\u00e4evale eelneva arveldusp\u00e4eva l\u00f5puni.<\/p>\n<p>7.6. N\u00f5uetekohaselt antud maksek\u00e4sk tuleb Teenuse osutaja poolt t\u00e4ita rahasiirde teenuse puhul, s.t soodustatud isiku pangakonto krediteerimist alustada v\u00f5i sularahas v\u00e4lja maksta hiljemalt 1\u00a0 tunni jooksul\u00a0\u00a0 alates\u00a0\u00a0\u00a0 korrektse\u00a0\u00a0 maksejuhise\u00a0\u00a0 saamisest.\u00a0\u00a0 N\u00f5uetekohaselt\u00a0\u00a0 antud\u00a0 \u00a0\u00a0maksek\u00e4sk\u00a0\u00a0 tuleb Teenuse\u00a0 osutaja\u00a0 poolt\u00a0 t\u00e4ita\u00a0 muu\u00a0 makseteenuse\u00a0 puhul,\u00a0 s.t\u00a0 soodustatud\u00a0 isiku\u00a0 pangakonto krediteerimist\u00a0 alustada\u00a0 v\u00f5i\u00a0 sularahas\u00a0 v\u00e4lja\u00a0 maksta\u00a0 hiljemalt\u00a0 \u00fche\u00a0 t\u00f6\u00f6p\u00e4eva\u00a0 jooksul\u00a0 v\u00f5i\u00a0 muul kokkulepitud\u00a0 ajal,\u00a0 alates\u00a0 korrektse\u00a0 maksejuhise\u00a0 saamisest.<\/p>\n<p>7.7. Teenuse osutajal on \u00f5igus viivitada Kliendi korralduse t\u00e4itmisega ja n\u00f5uda kliendilt dokumentaalset kinnitust tehingu teostamiseks kasutatavate rahaliste vahendite v\u00f5i vara seadusliku p\u00e4ritolu kohta. Teenuse osutajal on \u00f5igus keelduda teenuse osutamisest, kui Klient ei t\u00f5enda tehingu teostamiseks kasutatavate rahaliste vahendite seaduslikku p\u00e4ritolu \u00f5igusaktides v\u00f5i Teenuse osutaja poolt n\u00f5utud ulatuses.<\/p>\n<ol start=\"8\">\n<li>Arveldused<\/li>\n<\/ol>\n<p>8.1. Klient tasub osutatavate teenuste eest Teenuse osutajale vastavalt Teenuse osutaja poolt kehtestatud hinnakirjale, mis on leitav Teenuse osutaja kodulehek\u00fcljel <a href=\"https:\/\/tavexwise.com\/transfer-money-pricelist\/\">https:\/\/tavexwise.com\/et\/transfer-money-pricelist\/<\/a> ja tingimustele arvestades Kliendilepingus s\u00e4testatut ja Kliendile esitatud arvel m\u00e4rgitud maksetingimusi.<\/p>\n<p>8.2. Teenuste eest tasumine toimub vastavalt poolte kokkuleppele k\u00f5ikide tehingute puhul enne Makseteenuse osutamist sularahas, pangakaardiga v\u00f5i \u00fclekandega.<\/p>\n<ol start=\"9\">\n<li>Konfidentsiaalsus ja isikuandmete t\u00f6\u00f6tlemine<\/li>\n<\/ol>\n<p>9.1. Lepingu t\u00e4itmise k\u00e4igus Poolele teatavaks saanud info on konfidentsiaalne, mida\u00a0 Poolel ei ole \u00f5igust avaldada kolmandatele isikutele ega muul moel avalikustada ilma teise poole eelneva kirjaliku n\u00f5usolekuta, v\u00e4lja arvatud juhul, kui informatsiooni avaldamise kohustus tuleneb seadusest.<\/p>\n<p>9.2. Teenuse osutajal on \u00f5igus teenuse n\u00f5uetekohaseks t\u00e4itmiseks edastada Kliendi ja tema esindajate v\u00f5i volitatud isiku andmeid k\u00f5igile Teenuse osutaja makseagentidele, milles Teenuse osutajal on oluline osalus.<\/p>\n<p>9.3. Punktis 9.1. s\u00e4testatud konfidentsiaalse informatsiooni avalikustamise keeld ei laiene Poole audiitorile, krediidiasutusele ega juriidilistele n\u00f5ustajatele.<\/p>\n<p>9.4. Teenuse osutaja kohustub t\u00f6\u00f6tlema Kliendi ja tema esindajate isikuandmeid koosk\u00f5las kehtivate \u00f5igusaktidega.<\/p>\n<ol start=\"10\">\n<li>Lepingu kehtivus, muutmine ja \u00fcles\u00fctlemine<\/li>\n<\/ol>\n<p>10.1. Kliendileping on s\u00f5lmitud t\u00e4htajatult.<\/p>\n<p>10.2. Pooltel on \u00f5igus leping kokkuleppel igal ajal l\u00f5petada. Poolel on \u00f5igus leping \u00fchepoolselt \u00fcles \u00f6elda, teatades sellest teisele poolele ette v\u00e4hemalt 30 p\u00e4eva. Poolel on \u00f5igus Leping erakorraliselt ilma etteteatamist\u00e4htajata kirjaliku avaldusega \u00fcles \u00f6elda, kui selleks on m\u00f5juv p\u00f5hjus. M\u00f5juva p\u00f5hjusega on tegemist, kui k\u00f5iki asjaolusid arvesse v\u00f5ttes ja m\u00f5lema Poole huvisid kaaludes ei saa oodata, et Pool j\u00e4tkaks Lepingu t\u00e4itmist.<\/p>\n<p>10.3. Lepingut v\u00f5ib muuta \u00fcksnes Poolte kokkuleppel ja kirjalikus vormis. Teenuse osutajal on \u00f5igus muuta \u00fchepoolselt Lepingu \u00fcldtingimusi, muuhulgas ka hinnakirja.<\/p>\n<p>10.4. Muudatustest teavitatakse Klienti ja tingimustega mitten\u00f5ustumisel on Kliendil \u00f5igus Teenuse osutajat kirjalikult teavitades Leping erakorraliselt \u00fcles \u00f6elda 1 kuu jooksul muudatustest teadasaamisest.<\/p>\n<p>10.5. Punktis 10.4. s\u00e4testatu ei laiene hinnakirja muudatustele.<\/p>\n<p>10.6. Kui Klient selle t\u00e4htaja jooksul Lepingut \u00fcles ei \u00fctle, eeldatakse, et ta on muudatustega n\u00f5ustunud.<\/p>\n<p>10.7. Lepingu l\u00f5petamine v\u00f5i \u00fcles\u00fctlemine ei piira mingilgi moel Teenuse osutaja \u00f5igust n\u00f5uete sissen\u00f5udmist.<\/p>\n<ol start=\"11\">\n<li>Vastutus<\/li>\n<\/ol>\n<p>11.1. Klient vastutab k\u00f5ikide tema poolt Teenuse osutajale korralduses esinevate edastusvigade, ebaselguste, kuritarvituste ning muude eksituste t\u00f5ttu tekkinud kahju eest. Klient vastutab ka tekkinud kahju eest, kui ta ei esita Teenuse osutajale punktis 7.5.\u00a0 korralduse t\u00e4itmiseks Teenuse osutaja poolt n\u00f5utud t\u00e4iendavaid dokumente v\u00f5i andmeid.<\/p>\n<p>11.2. Teenuse osutaja vastutab Kliendilepingust tulenevate kohustuste rikkumise t\u00f5ttu tekkinud kahju eest \u00fcksnes raske hooletuse v\u00f5i tahtluse korral.<\/p>\n<p>11.3. Teenuse osutaja ei vastuta tema poolt Kliendi korralduste t\u00e4itmiseks kolmandate isikute vahendusel osutatavate teenuste kvaliteetsuse v\u00f5i kolmandate isikute tegevuse (sh viivituse) tulemusena Kliendile p\u00f5hjustatud kahju eest.<\/p>\n<p>11.4. Teenuse osutaja ei vastuta tehingu sooritamata j\u00e4tmisest v\u00f5i mittet\u00e4htaegsest sooritamisest tuleneva kahju eest, mis tekib seoses Rahapesu andmeb\u00fcroo poolt seaduse alusel tekkinud kohustuse t\u00e4itmiseks v\u00f5i Rahapesu Andmeb\u00fcroo poolt antud juhise v\u00f5i ettekirjutuse t\u00e4itmise tulemusena.<\/p>\n<p>11.5. Teenuse osutaja ei vastuta kliendile valuutavahetuskursi muutumisest v\u00f5i v\u00e4\u00e4rtpaberite hinna langemisest v\u00f5i muudest investeerimistegevusega seotud riskidest tulenevalt tekkida v\u00f5iva kahju eest v\u00f5i vara v\u00e4\u00e4rtuse v\u00e4henemise eest.<\/p>\n<p>11.6. Klient vastutab informeerimiskohustuse t\u00e4itmise ja Teenuse osutajale esitatud andmete \u00f5igsuse eest ning on kohustatud h\u00fcvitama valeandmete esitamise, kliendiandmete muutumisest mitte\u00f5igeaegse teavitamise v\u00f5i muudatuste n\u00f5utad vormis esitamata j\u00e4tmise t\u00f5ttu Teenuse osutajale tekkinud kahju.<\/p>\n<p>11.7. Pooled ei vastuta kohustuste rikkumise eest, kui selle on p\u00f5hjustanud v\u00e4\u00e4ramatu j\u00f5ud.<\/p>\n<ol start=\"12\">\n<li>Teadete edastamine<\/li>\n<\/ol>\n<p>12.1. Lepinguga seotud teated edastatakse telefoni, e-posti teel, v.a juhtudel, mil Leping n\u00e4eb ette teate edastamisele kindla vormi. Teate v\u00f5i korralduse saatmiseks etten\u00e4htud kohustusliku vormi mittej\u00e4rgimine ei kohusta teist Poolt teates sisalduvat tahteavaldust j\u00e4rgima. Kirjalikud teated saadetakse t\u00e4hitud kirjaga v\u00f5i antakse teisele Poolele \u00fcle allkirja vastu Kliendilepingus avaldatud aadressil v\u00f5i tegevuskohas.<\/p>\n<p>12.2. Lepingu rikkumisest tulenev n\u00f5ue esitatakse teisele Poolele kirjalikus vormis.<\/p>\n<ol start=\"13\">\n<li>L\u00f5pps\u00e4tted<\/li>\n<\/ol>\n<p>13.1. Kliendileping j\u00f5ustub selle allakirjutamisest Poolte vahel, samuti muul viisil vastastikuste tahteavalduste vahetamise teel, kui on selge, et lepingupooled on saavutanud kokkuleppe.<\/p>\n<p>13.2.\u00a0Lepingust t\u00f5usvad vaidlused lahendatakse l\u00e4bir\u00e4\u00e4kimiste teel ja kokkuleppe mittesaavutamisel Harju Maakohtus.\u00a0Kui tarbijast Klient ei saa vastust oma kaebusele, on tal \u00f5igus p\u00f6\u00f6rduda oma kaebusega Tarbijakaitse ja Tehnilise J\u00e4relevalve Ameti poole \u2013 <a href=\"http:\/\/www.ttja.ee\">www.ttja.ee<\/a> , Endla 10a, 10122 Tallinn, <a href=\"mailto:info@ttja.ee\">info@ttja.ee<\/a> .<\/p>\n<p>13.3. Vaidluste lahendamisele ja Lepingule kohaldatakse Eesti \u00f5igusnorme.<\/p>\n<p>13.4. \u00d5igusaktide muutmisest tulenev vastuolu m\u00f5ne Lepingu s\u00e4tte ning kehtivate \u00f5igusaktide vahel ei muuda Lepingu \u00fclej\u00e4\u00e4nud s\u00e4tete kehtivust.<\/p>\n<p><span style=\"line-height: 1.5;\"><\/div><\/span><\/p>\n<p><span style=\"line-height: 1.5;\"><div class=\"col-lg-3 col-md-12 col-sm-12 col-xs-12\"><\/span><\/p>\n<\/div>\n<\/div>\n","protected":false},"excerpt":{"rendered":"","protected":false},"author":9,"featured_media":0,"parent":0,"menu_order":0,"comment_status":"closed","ping_status":"closed","template":"page-default.php","meta":[],"yoast_head":"<!-- This site is optimized with the Yoast SEO plugin v19.13 - https:\/\/yoast.com\/wordpress\/plugins\/seo\/ -->\n<title>TavexWise<\/title>\n<meta name=\"robots\" content=\"index, follow, max-snippet:-1, max-image-preview:large, max-video-preview:-1\" \/>\n<link rel=\"canonical\" href=\"https:\/\/tavexwise.com\/et\/tingimused\/\" \/>\n<meta property=\"og:locale\" content=\"et_EE\" \/>\n<meta property=\"og:type\" content=\"article\" \/>\n<meta property=\"og:url\" content=\"https:\/\/tavexwise.com\/et\/tingimused\/\" \/>\n<meta property=\"og:site_name\" content=\"TavexWise\" \/>\n<meta property=\"article:modified_time\" content=\"2022-01-19T11:41:22+00:00\" \/>\n<meta name=\"twitter:label1\" content=\"Est. reading time\" \/>\n\t<meta name=\"twitter:data1\" content=\"8 minutit\" \/>\n<script type=\"application\/ld+json\" class=\"yoast-schema-graph\">{\"@context\":\"https:\/\/schema.org\",\"@graph\":[{\"@type\":\"WebPage\",\"@id\":\"https:\/\/tavexwise.com\/et\/tingimused\/\",\"url\":\"https:\/\/tavexwise.com\/et\/tingimused\/\",\"name\":\"\",\"isPartOf\":{\"@id\":\"https:\/\/tavexwise.com\/et\/#website\"},\"datePublished\":\"2014-12-15T05:58:14+00:00\",\"dateModified\":\"2022-01-19T11:41:22+00:00\",\"breadcrumb\":{\"@id\":\"https:\/\/tavexwise.com\/et\/tingimused\/#breadcrumb\"},\"inLanguage\":\"et\",\"potentialAction\":[{\"@type\":\"ReadAction\",\"target\":[\"https:\/\/tavexwise.com\/et\/tingimused\/\"]}]},{\"@type\":\"BreadcrumbList\",\"@id\":\"https:\/\/tavexwise.com\/et\/tingimused\/#breadcrumb\",\"itemListElement\":[{\"@type\":\"ListItem\",\"position\":1,\"name\":\"Home\",\"item\":\"https:\/\/tavexwise.com\/et\/\"},{\"@type\":\"ListItem\",\"position\":2,\"name\":\"Lepingutingimused\"}]},{\"@type\":\"WebSite\",\"@id\":\"https:\/\/tavexwise.com\/et\/#website\",\"url\":\"https:\/\/tavexwise.com\/et\/\",\"name\":\"TavexWise\",\"description\":\"Send Money Abroad in 5 Minutes with TavexWise\",\"potentialAction\":[{\"@type\":\"SearchAction\",\"target\":{\"@type\":\"EntryPoint\",\"urlTemplate\":\"https:\/\/tavexwise.com\/et\/?s={search_term_string}\"},\"query-input\":\"required name=search_term_string\"}],\"inLanguage\":\"et\"}]}<\/script>\n<!-- \/ Yoast SEO plugin. -->","yoast_head_json":{"title":"TavexWise","robots":{"index":"index","follow":"follow","max-snippet":"max-snippet:-1","max-image-preview":"max-image-preview:large","max-video-preview":"max-video-preview:-1"},"canonical":"https:\/\/tavexwise.com\/et\/tingimused\/","og_locale":"et_EE","og_type":"article","og_url":"https:\/\/tavexwise.com\/et\/tingimused\/","og_site_name":"TavexWise","article_modified_time":"2022-01-19T11:41:22+00:00","twitter_misc":{"Est. reading time":"8 minutit"},"schema":{"@context":"https:\/\/schema.org","@graph":[{"@type":"WebPage","@id":"https:\/\/tavexwise.com\/et\/tingimused\/","url":"https:\/\/tavexwise.com\/et\/tingimused\/","name":"","isPartOf":{"@id":"https:\/\/tavexwise.com\/et\/#website"},"datePublished":"2014-12-15T05:58:14+00:00","dateModified":"2022-01-19T11:41:22+00:00","breadcrumb":{"@id":"https:\/\/tavexwise.com\/et\/tingimused\/#breadcrumb"},"inLanguage":"et","potentialAction":[{"@type":"ReadAction","target":["https:\/\/tavexwise.com\/et\/tingimused\/"]}]},{"@type":"BreadcrumbList","@id":"https:\/\/tavexwise.com\/et\/tingimused\/#breadcrumb","itemListElement":[{"@type":"ListItem","position":1,"name":"Home","item":"https:\/\/tavexwise.com\/et\/"},{"@type":"ListItem","position":2,"name":"Lepingutingimused"}]},{"@type":"WebSite","@id":"https:\/\/tavexwise.com\/et\/#website","url":"https:\/\/tavexwise.com\/et\/","name":"TavexWise","description":"Send Money Abroad in 5 Minutes with TavexWise","potentialAction":[{"@type":"SearchAction","target":{"@type":"EntryPoint","urlTemplate":"https:\/\/tavexwise.com\/et\/?s={search_term_string}"},"query-input":"required name=search_term_string"}],"inLanguage":"et"}]}},"_links":{"self":[{"href":"https:\/\/tavexwise.com\/et\/wp-json\/wp\/v2\/pages\/1121"}],"collection":[{"href":"https:\/\/tavexwise.com\/et\/wp-json\/wp\/v2\/pages"}],"about":[{"href":"https:\/\/tavexwise.com\/et\/wp-json\/wp\/v2\/types\/page"}],"author":[{"embeddable":true,"href":"https:\/\/tavexwise.com\/et\/wp-json\/wp\/v2\/users\/9"}],"replies":[{"embeddable":true,"href":"https:\/\/tavexwise.com\/et\/wp-json\/wp\/v2\/comments?post=1121"}],"version-history":[{"count":11,"href":"https:\/\/tavexwise.com\/et\/wp-json\/wp\/v2\/pages\/1121\/revisions"}],"predecessor-version":[{"id":6815,"href":"https:\/\/tavexwise.com\/et\/wp-json\/wp\/v2\/pages\/1121\/revisions\/6815"}],"wp:attachment":[{"href":"https:\/\/tavexwise.com\/et\/wp-json\/wp\/v2\/media?parent=1121"}],"curies":[{"name":"wp","href":"https:\/\/api.w.org\/{rel}","templated":true}]}}