{"id":1454,"date":"2014-12-16T13:18:37","date_gmt":"2014-12-16T13:18:37","guid":{"rendered":"http:\/\/wisedevel.tavex.se\/?page_id=1454"},"modified":"2015-11-11T12:20:40","modified_gmt":"2015-11-11T10:20:40","slug":"money-transfer-cookie-policy","status":"publish","type":"page","link":"https:\/\/tavexwise.com\/da\/money-transfer-cookie-policy\/","title":{"rendered":"Cookie-politik"},"content":{"rendered":"<div class=\"row\">\n<div class=\"col-lg-8 col-md-12 col-sm-12 col-xs-12\">\n<p><span style=\"font-weight: 400;\">Cookies er meget sm\u00e5 tekstfiler, som gemmes p\u00e5 din computer, n\u00e5r du bes\u00f8ger visse hjemmesider. Vi bruger cookies til at identificere din computer, s\u00e5 vi kan skr\u00e6ddersy din brugeroplevelse, holde styr p\u00e5 dine overf\u00f8rselsdetaljer og huske, hvor du befinder dig i ordreprocessen.<\/span><\/p>\n<p><span style=\"font-weight: 400;\">Du kan deaktivere cookies, som allerede findes p\u00e5 din computer, men det kan hindre vores hjemmeside i at fungere ordentligt.<\/span><\/p>\n<h4>TavexWise money transfer anvender cookies til f\u00f8lgende form\u00e5l:<\/h4>\n<ol>\n<li><span style=\"font-weight: 400;\">For at identificere dig, n\u00e5r du logger p\u00e5<\/span><\/li>\n<li><span style=\"font-weight: 400;\">For at huske dit land og dine foretrukne sprogindstillinger<\/span><\/li>\n<li><span style=\"font-weight: 400;\">For at huske de indstillinger, som kr\u00e6ves for at gennemf\u00f8re en overf\u00f8rsel<\/span><\/li>\n<li><span style=\"font-weight: 400;\">For at fastsl\u00e5 om du har eller ikke har bes\u00f8gt bestemte sider p\u00e5 vores hjemmeside<\/span><\/li>\n<\/ol>\n<\/div>\n<div class=\"col-lg-3 col-md-12 col-sm-12 col-xs-12\">\n<\/div>\n<\/div>\n","protected":false},"excerpt":{"rendered":"","protected":false},"author":9,"featured_media":0,"parent":0,"menu_order":0,"comment_status":"closed","ping_status":"closed","template":"page-default.php","meta":[],"yoast_head":"<!-- This site is optimized with the Yoast SEO plugin v19.13 - https:\/\/yoast.com\/wordpress\/plugins\/seo\/ -->\n<title>Cookie-politik for pengeoverf\u00f8rsler \u2013 TavexWise<\/title>\n<meta name=\"description\" content=\"Pengeoverf\u00f8rselsudbydere bruger cookies til at identificere din computer, s\u00e5 vi kan skr\u00e6ddersy din brugeroplevelse og huske, hvor du befinder dig i ordreprocessen.\" \/>\n<meta name=\"robots\" content=\"index, follow, max-snippet:-1, max-image-preview:large, max-video-preview:-1\" \/>\n<link rel=\"canonical\" href=\"https:\/\/tavexwise.com\/da\/money-transfer-cookie-policy\/\" \/>\n<meta property=\"og:locale\" content=\"da_DK\" \/>\n<meta property=\"og:type\" content=\"article\" \/>\n<meta property=\"og:title\" content=\"Cookie-politik for pengeoverf\u00f8rsler \u2013 TavexWise\" \/>\n<meta property=\"og:description\" content=\"Pengeoverf\u00f8rselsudbydere bruger cookies til at identificere din computer, s\u00e5 vi kan skr\u00e6ddersy din brugeroplevelse og huske, hvor du befinder dig i ordreprocessen.\" \/>\n<meta property=\"og:url\" content=\"https:\/\/tavexwise.com\/da\/money-transfer-cookie-policy\/\" \/>\n<meta property=\"og:site_name\" content=\"TavexWise\" \/>\n<meta property=\"article:modified_time\" content=\"2015-11-11T10:20:40+00:00\" \/>\n<meta name=\"twitter:label1\" content=\"Est. reading time\" \/>\n\t<meta name=\"twitter:data1\" content=\"1 minut\" \/>\n<script type=\"application\/ld+json\" class=\"yoast-schema-graph\">{\"@context\":\"https:\/\/schema.org\",\"@graph\":[{\"@type\":\"WebPage\",\"@id\":\"https:\/\/tavexwise.com\/da\/money-transfer-cookie-policy\/\",\"url\":\"https:\/\/tavexwise.com\/da\/money-transfer-cookie-policy\/\",\"name\":\"Cookie-politik for pengeoverf\u00f8rsler \u2013 TavexWise\",\"isPartOf\":{\"@id\":\"https:\/\/tavexwise.com\/da\/#website\"},\"datePublished\":\"2014-12-16T13:18:37+00:00\",\"dateModified\":\"2015-11-11T10:20:40+00:00\",\"description\":\"Pengeoverf\u00f8rselsudbydere bruger cookies til at identificere din computer, s\u00e5 vi kan skr\u00e6ddersy din brugeroplevelse og huske, hvor du befinder dig i ordreprocessen.\",\"breadcrumb\":{\"@id\":\"https:\/\/tavexwise.com\/da\/money-transfer-cookie-policy\/#breadcrumb\"},\"inLanguage\":\"da-DK\",\"potentialAction\":[{\"@type\":\"ReadAction\",\"target\":[\"https:\/\/tavexwise.com\/da\/money-transfer-cookie-policy\/\"]}]},{\"@type\":\"BreadcrumbList\",\"@id\":\"https:\/\/tavexwise.com\/da\/money-transfer-cookie-policy\/#breadcrumb\",\"itemListElement\":[{\"@type\":\"ListItem\",\"position\":1,\"name\":\"Home\",\"item\":\"https:\/\/tavexwise.com\/da\/\"},{\"@type\":\"ListItem\",\"position\":2,\"name\":\"Cookie-politik\"}]},{\"@type\":\"WebSite\",\"@id\":\"https:\/\/tavexwise.com\/da\/#website\",\"url\":\"https:\/\/tavexwise.com\/da\/\",\"name\":\"TavexWise\",\"description\":\"Send Money Abroad in 5 Minutes with TavexWise\",\"potentialAction\":[{\"@type\":\"SearchAction\",\"target\":{\"@type\":\"EntryPoint\",\"urlTemplate\":\"https:\/\/tavexwise.com\/da\/?s={search_term_string}\"},\"query-input\":\"required name=search_term_string\"}],\"inLanguage\":\"da-DK\"}]}<\/script>\n<!-- \/ Yoast SEO plugin. -->","yoast_head_json":{"title":"Cookie-politik for pengeoverf\u00f8rsler \u2013 TavexWise","description":"Pengeoverf\u00f8rselsudbydere bruger cookies til at identificere din computer, s\u00e5 vi kan skr\u00e6ddersy din brugeroplevelse og huske, hvor du befinder dig i ordreprocessen.","robots":{"index":"index","follow":"follow","max-snippet":"max-snippet:-1","max-image-preview":"max-image-preview:large","max-video-preview":"max-video-preview:-1"},"canonical":"https:\/\/tavexwise.com\/da\/money-transfer-cookie-policy\/","og_locale":"da_DK","og_type":"article","og_title":"Cookie-politik for pengeoverf\u00f8rsler \u2013 TavexWise","og_description":"Pengeoverf\u00f8rselsudbydere bruger cookies til at identificere din computer, s\u00e5 vi kan skr\u00e6ddersy din brugeroplevelse og huske, hvor du befinder dig i ordreprocessen.","og_url":"https:\/\/tavexwise.com\/da\/money-transfer-cookie-policy\/","og_site_name":"TavexWise","article_modified_time":"2015-11-11T10:20:40+00:00","twitter_misc":{"Est. reading time":"1 minut"},"schema":{"@context":"https:\/\/schema.org","@graph":[{"@type":"WebPage","@id":"https:\/\/tavexwise.com\/da\/money-transfer-cookie-policy\/","url":"https:\/\/tavexwise.com\/da\/money-transfer-cookie-policy\/","name":"Cookie-politik for pengeoverf\u00f8rsler \u2013 TavexWise","isPartOf":{"@id":"https:\/\/tavexwise.com\/da\/#website"},"datePublished":"2014-12-16T13:18:37+00:00","dateModified":"2015-11-11T10:20:40+00:00","description":"Pengeoverf\u00f8rselsudbydere bruger cookies til at identificere din computer, s\u00e5 vi kan skr\u00e6ddersy din brugeroplevelse og huske, hvor du befinder dig i ordreprocessen.","breadcrumb":{"@id":"https:\/\/tavexwise.com\/da\/money-transfer-cookie-policy\/#breadcrumb"},"inLanguage":"da-DK","potentialAction":[{"@type":"ReadAction","target":["https:\/\/tavexwise.com\/da\/money-transfer-cookie-policy\/"]}]},{"@type":"BreadcrumbList","@id":"https:\/\/tavexwise.com\/da\/money-transfer-cookie-policy\/#breadcrumb","itemListElement":[{"@type":"ListItem","position":1,"name":"Home","item":"https:\/\/tavexwise.com\/da\/"},{"@type":"ListItem","position":2,"name":"Cookie-politik"}]},{"@type":"WebSite","@id":"https:\/\/tavexwise.com\/da\/#website","url":"https:\/\/tavexwise.com\/da\/","name":"TavexWise","description":"Send Money Abroad in 5 Minutes with TavexWise","potentialAction":[{"@type":"SearchAction","target":{"@type":"EntryPoint","urlTemplate":"https:\/\/tavexwise.com\/da\/?s={search_term_string}"},"query-input":"required name=search_term_string"}],"inLanguage":"da-DK"}]}},"_links":{"self":[{"href":"https:\/\/tavexwise.com\/da\/wp-json\/wp\/v2\/pages\/1454"}],"collection":[{"href":"https:\/\/tavexwise.com\/da\/wp-json\/wp\/v2\/pages"}],"about":[{"href":"https:\/\/tavexwise.com\/da\/wp-json\/wp\/v2\/types\/page"}],"author":[{"embeddable":true,"href":"https:\/\/tavexwise.com\/da\/wp-json\/wp\/v2\/users\/9"}],"replies":[{"embeddable":true,"href":"https:\/\/tavexwise.com\/da\/wp-json\/wp\/v2\/comments?post=1454"}],"version-history":[{"count":6,"href":"https:\/\/tavexwise.com\/da\/wp-json\/wp\/v2\/pages\/1454\/revisions"}],"predecessor-version":[{"id":3397,"href":"https:\/\/tavexwise.com\/da\/wp-json\/wp\/v2\/pages\/1454\/revisions\/3397"}],"wp:attachment":[{"href":"https:\/\/tavexwise.com\/da\/wp-json\/wp\/v2\/media?parent=1454"}],"curies":[{"name":"wp","href":"https:\/\/api.w.org\/{rel}","templated":true}]}}