{"id":1425,"date":"2014-12-15T07:58:14","date_gmt":"2014-12-15T07:58:14","guid":{"rendered":"http:\/\/wisedevel.tavex.se\/?page_id=1425"},"modified":"2022-01-19T13:40:42","modified_gmt":"2022-01-19T11:40:42","slug":"penge-overforsel-vilkar","status":"publish","type":"page","link":"https:\/\/tavexwise.com\/da\/penge-overforsel-vilkar\/","title":{"rendered":"Vilk\u00e5r og Betingelser"},"content":{"rendered":"<div class=\"row\">\n<div class=\"col-lg-8 col-md-12 col-sm-12 col-xs-12\">\n<ol>\n<li>\n<h4>Kontraktens parter<\/h4>\n<p>1.1. Ydelsen leveres af TavexWise AS, registrering snummer 12641402, adresse Aia Str. 5, Tallinn (herefter \u2018Leverand\u00f8r\u2019).<\/p>\n<p>1.2. Ydelsens modtager, det vil sige Kunden, er enhver fysisk eller juridisk person, til hvilken Leverand\u00f8ren leverer de ydelser, som er n\u00e6vnt i stykke 3.2 (herefter \u2018Kunden\u2019).<\/p>\n<p>1.3. Herefter kan Leverand\u00f8ren og Kunden omtales hver for sig som en \u2018Part\u2019 og under et som \u2018Parterne\u2019.<\/li>\n<li>\n<h4>Generelle bestemmelser<\/h4>\n<p>2.1. Leverand\u00f8ren og Kunden er enige om principperne for udf\u00f8relse af handlinger i henhold til betingelserne for udf\u00f8relse af handlinger (omtales herefter som \u2018Betingelserne\u2019).<\/p>\n<p>2.2. Betingelserne er en integreret del af den aftale, som er indg\u00e5et mellem Leverand\u00f8ren og Kunden.<\/p>\n<p>2.3. Betingelserne finder bl.a. ogs\u00e5 anvendelse i forhold til andre transaktioner, som leveres af Leverand\u00f8ren, men som ikke er afh\u00e6ngige af en eksisterende kundekontrakt.<\/p>\n<p>2.4. Listen over og beskrivelsen af de ydelser, som leveres af Leverand\u00f8ren, findes p\u00e5 Leverand\u00f8rens hjemmeside \u00a0p\u00e5\u00a0<a href=\"http:\/\/tavexwise.com\/generalterms\">tavexwise.com\/generalterms<\/a>\u00a0og i samtlige kontorer.<\/p>\n<p>2.5. Aftalen\u00a0indg\u00e5s enten mundtligt eller skriftligt.<\/li>\n<li>\n<h4>Definitioner<\/h4>\n<p>3.1. Med betalingsydelser menes ydelser, som er fremg\u00e5r af lov om betalingsvirksomhed og \u00a0\u00a0e-pengevirksomhed (PIEIA), og hvis udbud kr\u00e6ver tilladelse fra Finanstilsynet .<\/p>\n<p>3.2. Pengeoverf\u00f8rsel er en betalingsydelse i henhold til PIEIA \u00a7 3 (1) 6), hvorefter modtageren af en betalingsordre (TavexWise AS eller dennes agent) overf\u00f8rer penge p\u00e5 vegne af udstederen af betalingsordren til den begunstigede i henhold til instruktioner fra udstederen af betalingsordren.<\/p>\n<p>3.3. Betaleren er den person, som afgiver betalingsordren.<\/p>\n<p>3.4. Modtageren er den person, som er begunstiget i medf\u00f8r af betalingsordren.<\/p>\n<p>3.5. En betalingshandling er enhver form for betaling eller h\u00e6vning eller pengeoverf\u00f8rsel, uanset det \u00a0givne juridiske forhold mellem betaleren og modtageren.<\/p>\n<p>3.6. En betalingsordre er en ordre (instruktion) med henblik p\u00e5 at foretage en given form for betalingshandling afgivet af betaleren til udbyderen af betalingsydelser.<\/p>\n<p>3.7. En betalingsagent er en autoriseret repr\u00e6sentant for betalingsinstituttet, som har tilladelse til at udbyde \u00a0betalingsydelser i betalingsinstituttets navn.<\/li>\n<li>\n<h4>Indholdet af de udbudte ydelser<\/h4>\n<p>4.1. Leverand\u00f8ren af ydelserne udbyder selv eller via sine agenter de ydelser, som er n\u00e6vnt i afsnit 3.2.<\/li>\n<li>\n<h4>Identifikation af kunden<\/h4>\n<p>5.1. Identifikation<\/p>\n<p>5.1.1. Kunden og\/eller dennes repr\u00e6sentant identificeres i henhold til de krav, som f\u00f8lger af den til enhver tid g\u00e6ldende\u00a0lovgivning p\u00e5 omr\u00e5det og i forhold til de betingelser, som er fastlagt af Leverand\u00f8ren.<\/p>\n<p>5.1.2. Kunden og\/eller dennes repr\u00e6sentant skal identificeres p\u00e5 baggrund af et identitetsdokument , som er fastsat af Leverand\u00f8rens lokale agenter i medf\u00f8r af de g\u00e6ldende regler hos den lokale agent. Leverand\u00f8ren skal tage en kopi af de sider, som indeholder \u00a0personlige oplysninger eller indf\u00f8rsler.<\/p>\n<p>5.1.3. En juridisk person, som er indregistreret i Danmark, skal identificeres i henhold p\u00e5 baggrund af en udskrift fra CVR-registret. En udenlandsk juridisk persons identitet skal fastsl\u00e5s p\u00e5 baggrund af et udskrift fra et relevant register et registreringsbevis eller tilsvarende dokument.<\/p>\n<p>5.2. Repr\u00e6sentation<\/p>\n<p>5.2.1. Kunden antages selv \u00a0eller ved hj\u00e6lp af en juridisk repr\u00e6sentant at kunne udf\u00f8re de forpligtelser eller rettigheder, som f\u00f8lger af denne aftale. Kunden eller dennes juridiske repr\u00e6sentant kan kun p\u00e5 Leverand\u00f8rens forretningssted udn\u00e6vne repr\u00e6sentant(er), hvis ret til repr\u00e6sentation ikke fremg\u00e5r af lovgivningen.<\/p>\n<p>5.2.2. Et dokument, som fastsl\u00e5r retten til repr\u00e6sentation, men som ikke er undertegnet p\u00e5 Leverand\u00f8rens \u00a0forretningssted, skal notarp\u00e5tegnes.<\/p>\n<p>5.2.3. Leverand\u00f8ren skal afvise at levere en ydelse eller gennemf\u00f8re en transaktion, hvis \u00a0\u00a0der opst\u00e5r tvivl om, hvorvidt den person, som anmoder om den n\u00e6vnte ydelse eller transaktion, er bemyndiget hertil.<\/p>\n<p>5.2.4. Kunden er forpligtet til at informere Leverand\u00f8ren i et format, som kan \u00a0genskabes i skriftlig form, om udl\u00f8bet af fuldmagt(erne) for de autoriserede personer, som fremg\u00e5r af aftalen.<\/p>\n<p>5.3. Krav til dokumenter<\/p>\n<p>5.3.1. Kunden skal til Leverand\u00f8ren udlevere originaler eller notarp\u00e5tegnede \u00a0-eller ldokumenter som kan sidestilles hermed.<\/p>\n<p>5.3.2. Leverand\u00f8ren har ret til at foruds\u00e6tte, at et dokument, som er udleveret af Kunden, er \u00e6gte, gyldigt og korrekt.<\/p>\n<p>5.3.3. Leverand\u00f8ren har ret til at kr\u00e6ve legalisering eller apostillep\u00e5tegning af ethvert dokument, som er udstedt i udlandet, undtaget i tilf\u00e6lde, hvor der er bestemt noget andet i en aftale mellem Danmark og det p\u00e5g\u00e6ldende land.<\/p>\n<p>5.3.4. Hvis et dokument er udf\u00e6rdiget p\u00e5 et fremmedsprog, har Leverand\u00f8ren ret til at anmode om en overs\u00e6ttelse af dokumentet til dansk eller et andet sprog, som accepteres af Leverand\u00f8ren. Overs\u00e6ttelsen \u00a0skal godkendes af en autoriseret translat\u00f8r eller en notar.<\/p>\n<p>5.3.5. Leverand\u00f8ren har ret til tage en kopi af dokumenter, som udleveres af Kunden eller beholde det originale dokument, s\u00e5fremt det er muligt.<\/p>\n<p>5.3.6. S\u00e5fremt Kunden har indleveret et dokument, som ikke opfylder Leverand\u00f8rens \u00a0krav, eller hvis \u00e6gtheden heraf betvivles af Leverand\u00f8ren, har Leverand\u00f8ren ret til at undlade at udf\u00f8re Kundens ordre og til at kr\u00e6ve yderligere dokumentation.<\/li>\n<li>\n<h4>Forebyggelse af hvidvaskning og finansiering af terrorisme<\/h4>\n<p>6.1. Leverand\u00f8ren vil tage de forholdsregler, som er p\u00e5kr\u00e6vet af dansk lov samt og internationale forpligtelser med henblik p\u00e5 at forebygge hvidvaskning af penge og finansiering af terrorisme, samt ogs\u00e5 foretage\u00a0unders\u00f8gelser (due diligence) i henhold til TavexWise AS retningslinjer vedr\u00f8rende forebyggelse af hvidvaskning og finansiering \u00a0af terrorisme.<\/p>\n<p>6.2. Idet der tages afs\u00e6t i ovenst\u00e5ende, omfatter Leverand\u00f8rens rettigheder f\u00f8lgende:<\/p>\n<p>6.2.1.at med regelm\u00e6ssige mellemrum verificere de data, som ligger til grund for identifikationen af Kunden, samt at anmode Kunden om yderligere dokumenter og oplysninger;<\/p>\n<p>6.2.2. at foretage fornyet identifikation af Kunden ellers dennes repr\u00e6sentant, s\u00e5fremt Leverand\u00f8ren betvivler autenticiteten af de oplysninger, som Leverand\u00f8ren har modtaget i l\u00f8bet af den forel\u00f8bige identifikation;<\/p>\n<p>6.2.3.etablere midlertidige eller permanente indskr\u00e6nkninger i forhold til brugen af Betalingsydelsen;<\/p>\n<p>6.2.4. anmode om dokumenter og data vedr\u00f8rende Kundens aktiviteter, herunder oplysninger om Kundens kontraktm\u00e6ssige partnere, oms\u00e6tning, andelen af udenlandske betalinger, kontante transaktioner og transaktioner, som ikke omfatter kontante midler , oplysninger om form\u00e5let med og detaljerne for en transaktion samt lovligheden af kundens adkomst \u00a0til aktiver eller midler, som anvendes i en transaktion;<\/p>\n<p>6.2.5.at anmode Kunden om at udlevere dokumenter, som udg\u00f8r basis for transaktioner (f.eks. salgs-, leasing- eller leveringskontrakter-, dokumenter, som vedr\u00f8rer varer osv.), samt oplysninger eller dokumenter vedr\u00f8rende modparten \u00a0-i transaktionen, den reelle begunstigede eller enhver anden person, som har med transaktionen at g\u00f8re.<\/li>\n<li>\n<h4>Kundens ordrer<\/h4>\n<p>7.1. Kunden skal afgive instrukser og andre meddelelser i henhold til den procedure, som fremg\u00e5r af punkt<\/p>\n<p>12 i Betingelserne. En instruks kan have som form\u00e5l at udf\u00f8re en eller flere transaktioner.<\/p>\n<p>7.2. En instruks formodes at udtrykke Kundens vilje, indtil en instruks, som annullerer den oprindelige ordre-, afgives af Kunden. Leverand\u00f8ren accepterer kun instrukser, som er afgivet i henhold til\u00a0aftalen mellem Kunden og Leverand\u00f8ren, og som ikke er i strid med dansk lovgivning.<\/p>\n<p>7.3. N\u00e5r samtlige midler, som er n\u00f8dvendige for ydelsens udf\u00f8relse, er overf\u00f8rt fra Kunden til Leverand\u00f8ren, har sidstn\u00e6vnte ret til at formode, at Kunden er bekendt med og accepterer alle betingelser (inkl. gebyrer og tidsfrister), som i henhold til Leverand\u00f8ren finder anvendelse p\u00e5 de forskellige ydelser.<\/p>\n<p>7.4. Hvis en instruks, som er afgivet af Kunden, er fejlagtig eller ufuldst\u00e6ndig, har Leverand\u00f8ren ret til at udf\u00f8re instruksen i overensstemmelse med den tidligere forretningsgang, som er etableret mellem Parterne, i overensstemmelse med god forretningsskik eller til ikke at udf\u00f8re instruksen. Hvis en instruks\u00a0ikke udf\u00f8res, skal Leverand\u00f8ren informere Kunden herom.<\/p>\n<p>7.5. Leverand\u00f8ren har ret til at uds\u00e6tte udf\u00f8relsen af Kundens instruks eller til at anmode Kunden om at levere en dokumenteret redeg\u00f8relse for, at oprindelsen for de midler eller aktiver, som \u00a0skal anvendes i en transaktion, ikke strider mod lovgivningen. Leverand\u00f8ren har ret til at afvise at levere en ydelse, , hvor Kunden ikke leverer dokumentation\u00a0i den udstr\u00e6kning, som kr\u00e6ves af lovgivningen eller anmodes om af Leverand\u00f8ren, vedr\u00f8rende den lovlige oprindelse af midler, som skal anvendes i en transaktion.<\/li>\n<li>\n<h4>Betaling<\/h4>\n<p>8.1. Kunden betaler Leverand\u00f8ren for leverede ydelser i henhold til den prisliste , der er oprettet af Leverand\u00f8ren, og som er tilg\u00e6ngelig p\u00e5 Leverand\u00f8rens hjemmeside <a href=\"http:\/\/tavexwise.com\/pricelist\">tavexwise.com\/pricelist<\/a>. Det sker i henhold til de betingelser, som f\u00f8lger af aftalens bestemmelser samt de betalingsbetingelser, som er anf\u00f8rt p\u00e5 den faktura, som Kunden modtager.<\/p>\n<p>8.2. If\u00f8lge aftalen mellem parterne, skal der betales for ydelser vedr\u00f8rende samtlige transaktioner , inden Betalingsydelsen leveres. Betaling kan ske enten kontant, med et betalingskort eller via en overf\u00f8rsel.<\/li>\n<li>\n<h4>Fortrolighed og behandling af persondata<\/h4>\n<p>9.1. De oplysninger, som er blevet kendt for en Part i l\u00f8bet af opfyldelsen af Kontrakten, er fortrolige, og de m\u00e5 ikke videregives af en Part til tredjepart eller offentligg\u00f8res uden forudg\u00e5ende skriftligt samtykke fra den anden Part. Undtaget fra dette er tilf\u00e6lde, hvor man p\u00e5 baggrund af lovgivningen er forpligtet til at videregive oplysninger .<\/p>\n<p>9.2. For at kunne levere en ydelse, der lever op til kravene, har Leverand\u00f8ren ret til at videresende oplysninger vedr\u00f8rende Kunden og dennes repr\u00e6sentanter eller autoriserede personer til betalingsagenter, hvor Leverand\u00f8ren ejer en majoritet af aktierne eller tilsvarende.<\/p>\n<p>9.3. Indskr\u00e6nkningen i adgangen til at udlevere oplysninger, som specificeret i punkt 9.1, omfatter ikke Parternes revisorer, kreditinstitutioner eller juridiske r\u00e5dgivere.<\/p>\n<p>9.4. Leverand\u00f8ren forpligter sig til at behandle persondata vedr\u00f8rende Kunden og dennes repr\u00e6sentanter i henhold til g\u00e6ldende lovgivning.<\/li>\n<li>\n<h4>Gyldighed, \u00e6ndring og oph\u00e6velse af kontrakten<\/h4>\n<p>10.1. Aftalens l\u00f8betid er ikke specificeret.<\/p>\n<p>10.2. Parterne har til enhver tid ret til efter aftale at bringe kontrakten til oph\u00f8r. Parterne har ret til ensidigt at bringe kontrakten til oph\u00f8r ved at oplyse den anden Part herom mindst 30 dage, inden kontrakten bringes til oph\u00f8r. Hvis der er en god begrundelse for det, kan en Part bringe Kontrakten til oph\u00f8r uden opsigelsesperiode ved hj\u00e6lp af en skriftlig anmodning. En god begrundelse er, n\u00e5r samtlige aspekter tages i betragtning og begges Parters interesser vurderes, og det p\u00e5 baggrund af dette vil v\u00e6re urimeligt at forvente, at en Part fortsat skal opfylde Kontrakten.<\/p>\n<p>10.3. Kontrakten kan kun \u00e6ndres ved en aftale herom mellem Parterne, og dette kan kun ske skriftligt. \u00a0Leverand\u00f8ren har ret til ensidigt at \u00e6ndre Kontraktens betingelser, herunder prislisten.<\/p>\n<p>10.4. Kunden skal informeres om \u00e6ndringer og i tilf\u00e6lde af uenighed om bestemmelserne, har Kunden ret til ekstraordin\u00e6rt at bringe kontrakten til oph\u00f8r ved at informere Leverand\u00f8ren skriftligt herom inden 1 m\u00e5ned efter, at Kunden blev oplyst om \u00e6ndringerne.<\/p>\n<p>10.5. Bestemmelserne i stk. 10.4 g\u00e6lder ikke for \u00e6ndringer i prislisten.<\/p>\n<p>10.6. Hvis kunden ikke har opsagt Kontrakten inden det kr\u00e6vede tidspunkt, m\u00e5 det formodes, at Kunden ikke har indvendinger i forhold til \u00e6ndringerne.<\/p>\n<p>10.7. En eventuel opsigelse af eller oph\u00f8r af Kontrakten har ingen som helst konsekvenser for \u00a0Leverand\u00f8rens ret til at inddrive udest\u00e5ender.<\/li>\n<li>\n<h4>Ansvar<\/h4>\n<p>11.1. Kunden er ansvarlig for tab for\u00e5rsaget af fejl i instrukser til Leverand\u00f8ren-, tvetydigheder, misbrug og andre fejl. Kunden er ogs\u00e5 ansvarlig for \u00a0tab, som er opst\u00e5et som f\u00f8lge af, at man har undladt at indsende supplerende dokumentation til Leverand\u00f8ren, som Leverand\u00f8ren har \u00a0anmodet om i henhold til stk. 7.5 for at kunne udf\u00f8re instruksen.<\/p>\n<p>11.2. Leverand\u00f8ren er kun ansvarlig for tab, som er opst\u00e5et som f\u00f8lge af misligholdelse af forpligtelser i henhold til Kundekontrakten, n\u00e5r der er tale om grov uagtsomhed eller fors\u00e6tlighed.<\/p>\n<p>11.3. Leverand\u00f8ren er ikke ansvarlig for kvaliteten af de ydelser, som denne leverer via tredjepart eller for tab, som er opst\u00e5et for Kunden som f\u00f8lge af tredjeparts aktiviteter (inkl. forsinkelser) vedr\u00f8rende udf\u00f8relse af Kundens instruksen.<\/p>\n<p>11.4. Leverand\u00f8ren er ikke ansvarlig for tab, der er opst\u00e5et som f\u00f8lge af manglende udf\u00f8relse af en transaktion eller for udf\u00f8relse p\u00e5 et andet tidspunkt end det aftalte, som er sket p\u00e5 grund af opfyldelse af en lovbestemt forpligtelse over for de finansielle myndigheder, eller som er opst\u00e5et p\u00e5 baggrund af manglende efterlevelse af instruktioner eller ordrer fra de finansielle myndigheder.<\/p>\n<p>11.5. Leverand\u00f8ren er ikke ansvarlig for tab eller nedgang i v\u00e6rdien af aktiver, som er opst\u00e5et for Kunden p\u00e5 grund af \u00e6ndringer i valutakurser eller fald i kurser p\u00e5 v\u00e6rdipapirer eller andre risici, som er forbundet med investeringsaktiviteter.<\/p>\n<p>11.6. Kunden er ansvarlig for at opfylde sin informationspligt og for rigtigheden af de oplysninger, som afgives til Leverand\u00f8ren, og Kunden er pligtig at kompensere Leverand\u00f8ren for tab, som er opst\u00e5et som f\u00f8lge af forkerte oplysninger, forsinket meddelelse om \u00e6ndringer i kundedata, eller at man har undladt at indsende \u00e6ndringerne i den anmodede form.<\/p>\n<p>11.7. Parterne er ikke ansvarlige for manglende opfyldelse af sine forpligtelser, hvis den manglende opfyldelse er for\u00e5rsaget af force majeure.<\/li>\n<li>\n<h4>Levering af meddelelser<\/h4>\n<p>12.1. Meddelelser vedr\u00f8rende denne Kontrakt skal leveres telefonisk eller via e-mail, undtagen i tilf\u00e6lde hvor en s\u00e6rlig form for levering af meddelelser er specificeret i Aftalen. Manglende overholdelse af \u00a0formkravet for levering af en meddelelse eller en ordre forpligter ikke den anden Part til at efterleve den viljesytring, som meddelelsen indeholdt. Skriftlige meddelelser skal sendes med rekommanderet post eller leveres til den anden Part mod kvittering p\u00e5 den adresse eller det forretningssted, som er n\u00e6vnt i Aftalen.<\/p>\n<p>12.2. Krav, der vedr\u00f8rer overtr\u00e6delser af Aftalen, skal frems\u00e6ttes over for den anden Part i skriftlig form.<\/li>\n<li>\n<h4>Afsluttende bestemmelser<\/h4>\n<p>13.1. Aftalen Kundekontrakten tr\u00e6der i kraft ved Parternes underskrivelse samt \u00a0som f\u00f8lge af andre m\u00e5der, hvorp\u00e5 man kan udveksle gensidige viljesytringer, n\u00e5r det st\u00e5r klart, at Parterner er n\u00e5et frem til en aftale.<\/p>\n<p>13.2. Tvister, som opst\u00e5r p\u00e5 baggrund af Aftalen, skal afg\u00f8res ved forhandling, og i det tilf\u00e6lde, at parterne ikke kan \u00a0n\u00e5 frem til en aftale, ved retten i Harju amt.<\/p>\n<p>13.3. Dansk ret skal anvendes ved afg\u00f8relse af tvister vedr\u00f8rende Aftalen.<\/p>\n<p>13.4. En modstrid mellem en bestemmelse i Kontrakten og g\u00e6ldende lovgivning for\u00e5rsaget af \u00e6ndringer i lovgivningen har ingen konsekvenser for gyldigheden af de \u00f8vrige bestemmelser i Aftalen.<\/li>\n<\/ol>\n<\/div>\n<div class=\"col-lg-3 col-md-12 col-sm-12 col-xs-12\">\n<\/div>\n<\/div>\n","protected":false},"excerpt":{"rendered":"","protected":false},"author":9,"featured_media":0,"parent":0,"menu_order":0,"comment_status":"closed","ping_status":"closed","template":"page-default.php","meta":[],"yoast_head":"<!-- This site is optimized with the Yoast SEO plugin v19.13 - https:\/\/yoast.com\/wordpress\/plugins\/seo\/ -->\n<title>Betingelser for overf\u00f8rsler af penge - TavexWise<\/title>\n<meta name=\"description\" content=\"Betingelser for overf\u00f8rsler af penge, n\u00e5r du bruger Tavexwise. L\u00e6s om betingelser for pengeoverf\u00f8rsler med TavexWise he\" \/>\n<meta name=\"robots\" content=\"index, follow, max-snippet:-1, max-image-preview:large, max-video-preview:-1\" \/>\n<link rel=\"canonical\" href=\"https:\/\/tavexwise.com\/da\/penge-overforsel-vilkar\/\" \/>\n<meta property=\"og:locale\" content=\"da_DK\" \/>\n<meta property=\"og:type\" content=\"article\" \/>\n<meta property=\"og:title\" content=\"Betingelser for overf\u00f8rsler af penge - TavexWise\" \/>\n<meta property=\"og:description\" content=\"Betingelser for overf\u00f8rsler af penge, n\u00e5r du bruger Tavexwise. L\u00e6s om betingelser for pengeoverf\u00f8rsler med TavexWise he\" \/>\n<meta property=\"og:url\" content=\"https:\/\/tavexwise.com\/da\/penge-overforsel-vilkar\/\" \/>\n<meta property=\"og:site_name\" content=\"TavexWise\" \/>\n<meta property=\"article:modified_time\" content=\"2022-01-19T11:40:42+00:00\" \/>\n<meta name=\"twitter:label1\" content=\"Est. reading time\" \/>\n\t<meta name=\"twitter:data1\" content=\"10 minutter\" \/>\n<script type=\"application\/ld+json\" class=\"yoast-schema-graph\">{\"@context\":\"https:\/\/schema.org\",\"@graph\":[{\"@type\":\"WebPage\",\"@id\":\"https:\/\/tavexwise.com\/da\/penge-overforsel-vilkar\/\",\"url\":\"https:\/\/tavexwise.com\/da\/penge-overforsel-vilkar\/\",\"name\":\"Betingelser for overf\u00f8rsler af penge - TavexWise\",\"isPartOf\":{\"@id\":\"https:\/\/tavexwise.com\/da\/#website\"},\"datePublished\":\"2014-12-15T07:58:14+00:00\",\"dateModified\":\"2022-01-19T11:40:42+00:00\",\"description\":\"Betingelser for overf\u00f8rsler af penge, n\u00e5r du bruger Tavexwise. L\u00e6s om betingelser for pengeoverf\u00f8rsler med TavexWise he\",\"breadcrumb\":{\"@id\":\"https:\/\/tavexwise.com\/da\/penge-overforsel-vilkar\/#breadcrumb\"},\"inLanguage\":\"da-DK\",\"potentialAction\":[{\"@type\":\"ReadAction\",\"target\":[\"https:\/\/tavexwise.com\/da\/penge-overforsel-vilkar\/\"]}]},{\"@type\":\"BreadcrumbList\",\"@id\":\"https:\/\/tavexwise.com\/da\/penge-overforsel-vilkar\/#breadcrumb\",\"itemListElement\":[{\"@type\":\"ListItem\",\"position\":1,\"name\":\"Home\",\"item\":\"https:\/\/tavexwise.com\/da\/\"},{\"@type\":\"ListItem\",\"position\":2,\"name\":\"Vilk\u00e5r og Betingelser\"}]},{\"@type\":\"WebSite\",\"@id\":\"https:\/\/tavexwise.com\/da\/#website\",\"url\":\"https:\/\/tavexwise.com\/da\/\",\"name\":\"TavexWise\",\"description\":\"Send Money Abroad in 5 Minutes with TavexWise\",\"potentialAction\":[{\"@type\":\"SearchAction\",\"target\":{\"@type\":\"EntryPoint\",\"urlTemplate\":\"https:\/\/tavexwise.com\/da\/?s={search_term_string}\"},\"query-input\":\"required name=search_term_string\"}],\"inLanguage\":\"da-DK\"}]}<\/script>\n<!-- \/ Yoast SEO plugin. -->","yoast_head_json":{"title":"Betingelser for overf\u00f8rsler af penge - TavexWise","description":"Betingelser for overf\u00f8rsler af penge, n\u00e5r du bruger Tavexwise. L\u00e6s om betingelser for pengeoverf\u00f8rsler med TavexWise he","robots":{"index":"index","follow":"follow","max-snippet":"max-snippet:-1","max-image-preview":"max-image-preview:large","max-video-preview":"max-video-preview:-1"},"canonical":"https:\/\/tavexwise.com\/da\/penge-overforsel-vilkar\/","og_locale":"da_DK","og_type":"article","og_title":"Betingelser for overf\u00f8rsler af penge - TavexWise","og_description":"Betingelser for overf\u00f8rsler af penge, n\u00e5r du bruger Tavexwise. L\u00e6s om betingelser for pengeoverf\u00f8rsler med TavexWise he","og_url":"https:\/\/tavexwise.com\/da\/penge-overforsel-vilkar\/","og_site_name":"TavexWise","article_modified_time":"2022-01-19T11:40:42+00:00","twitter_misc":{"Est. reading time":"10 minutter"},"schema":{"@context":"https:\/\/schema.org","@graph":[{"@type":"WebPage","@id":"https:\/\/tavexwise.com\/da\/penge-overforsel-vilkar\/","url":"https:\/\/tavexwise.com\/da\/penge-overforsel-vilkar\/","name":"Betingelser for overf\u00f8rsler af penge - TavexWise","isPartOf":{"@id":"https:\/\/tavexwise.com\/da\/#website"},"datePublished":"2014-12-15T07:58:14+00:00","dateModified":"2022-01-19T11:40:42+00:00","description":"Betingelser for overf\u00f8rsler af penge, n\u00e5r du bruger Tavexwise. L\u00e6s om betingelser for pengeoverf\u00f8rsler med TavexWise he","breadcrumb":{"@id":"https:\/\/tavexwise.com\/da\/penge-overforsel-vilkar\/#breadcrumb"},"inLanguage":"da-DK","potentialAction":[{"@type":"ReadAction","target":["https:\/\/tavexwise.com\/da\/penge-overforsel-vilkar\/"]}]},{"@type":"BreadcrumbList","@id":"https:\/\/tavexwise.com\/da\/penge-overforsel-vilkar\/#breadcrumb","itemListElement":[{"@type":"ListItem","position":1,"name":"Home","item":"https:\/\/tavexwise.com\/da\/"},{"@type":"ListItem","position":2,"name":"Vilk\u00e5r og Betingelser"}]},{"@type":"WebSite","@id":"https:\/\/tavexwise.com\/da\/#website","url":"https:\/\/tavexwise.com\/da\/","name":"TavexWise","description":"Send Money Abroad in 5 Minutes with TavexWise","potentialAction":[{"@type":"SearchAction","target":{"@type":"EntryPoint","urlTemplate":"https:\/\/tavexwise.com\/da\/?s={search_term_string}"},"query-input":"required name=search_term_string"}],"inLanguage":"da-DK"}]}},"_links":{"self":[{"href":"https:\/\/tavexwise.com\/da\/wp-json\/wp\/v2\/pages\/1425"}],"collection":[{"href":"https:\/\/tavexwise.com\/da\/wp-json\/wp\/v2\/pages"}],"about":[{"href":"https:\/\/tavexwise.com\/da\/wp-json\/wp\/v2\/types\/page"}],"author":[{"embeddable":true,"href":"https:\/\/tavexwise.com\/da\/wp-json\/wp\/v2\/users\/9"}],"replies":[{"embeddable":true,"href":"https:\/\/tavexwise.com\/da\/wp-json\/wp\/v2\/comments?post=1425"}],"version-history":[{"count":8,"href":"https:\/\/tavexwise.com\/da\/wp-json\/wp\/v2\/pages\/1425\/revisions"}],"predecessor-version":[{"id":6814,"href":"https:\/\/tavexwise.com\/da\/wp-json\/wp\/v2\/pages\/1425\/revisions\/6814"}],"wp:attachment":[{"href":"https:\/\/tavexwise.com\/da\/wp-json\/wp\/v2\/media?parent=1425"}],"curies":[{"name":"wp","href":"https:\/\/api.w.org\/{rel}","templated":true}]}}