{"id":1409,"date":"2015-01-02T05:05:17","date_gmt":"2015-01-02T05:05:17","guid":{"rendered":"http:\/\/wisedevel.tavex.se\/?page_id=1409"},"modified":"2024-06-14T08:51:28","modified_gmt":"2024-06-14T05:51:28","slug":"overfor-penge-tavexwise-prisliste","status":"publish","type":"page","link":"https:\/\/tavexwise.com\/da\/overfor-penge-tavexwise-prisliste\/","title":{"rendered":"Overf\u00f8r penge &#8211; TavexWise prisliste"},"content":{"rendered":"<h3 class=\"priceListH\"><b>Kontant-til-kontant overf\u00f8rsler<\/b><\/h3>\n<p>&nbsp;<\/p>\n<div class=\"table-responsive\"><table class=\" table table-striped table-hover\">\n<thead>\n<tr>\n<th>\n<h4><\/h4>\n<\/th>\n<th>\n<h4>Estland<\/h4>\n<\/th>\n<th>\n<h4>Sverige<\/h4>\n<\/th>\n<th>\n<h4>Denmark<\/h4>\n<\/th>\n<th>\n<h4>Bulgarien<\/h4>\n<\/th>\n<\/tr>\n<\/thead>\n<tbody>\n<tr>\n<td><strong>Estland<\/strong><\/td>\n<td>30 EUR*<\/td>\n<td>30 EUR*<\/td>\n<td>30 EUR*<\/td>\n<td>30 EUR*<\/td>\n<\/tr>\n<tr>\n<td><strong>Sverige<\/strong><\/td>\n<td>100 SEK<\/td>\n<td>100 SEK<\/td>\n<td>100 SEK<\/td>\n<td>100 SEK<\/td>\n<\/tr>\n<tr>\n<td><strong>Denmark<\/strong><\/td>\n<td>60 DKK<\/td>\n<td>60 DKK<\/td>\n<td>60 DKK<\/td>\n<td>40 DKK<\/td>\n<\/tr>\n<tr>\n<td><strong>Norge<\/strong><\/td>\n<td>100 NOK<\/td>\n<td>100 NOK<\/td>\n<td>100 NOK<\/td>\n<td>100 NOK<\/td>\n<\/tr>\n<tr>\n<td><strong>Bulgarien<\/strong><\/td>\n<td>20 BGN<\/td>\n<td>20 BGN<\/td>\n<td>20 BGN<\/td>\n<td>20 BGN<\/td>\n<\/tr>\n<\/tbody>\n<\/table><\/div>\n<p><em>* Servicegebyret for bel\u00f8b over 1.000 euro er 3 % af bel\u00f8bet.<\/em><\/p>\n<h3 class=\"priceListH\">Prisliste for overf\u00f8rsler<\/h3>\n<p>&nbsp;<\/p>\n<div class=\"table-responsive\"><table class=\" table table-striped table-hover\">\n<thead>\n<tr>\n<th>\n<h4><\/h4>\n<\/th>\n<th>\n<h4>SEPA-betalinger<\/h4>\n<\/th>\n<th>\n<h4>Indenlandsk prioritet<\/h4>\n<\/th>\n<th>\n<h4>Swift almindelig delt<\/h4>\n<\/th>\n<th>\n<h4>Swift almindelig overf&#xF8;rt<\/h4>\n<\/th>\n<th>\n<h4>Swift hastende delt<\/h4>\n<\/th>\n<th>\n<h4>Swift hastende overf&#xF8;rt<\/h4>\n<\/th>\n<th>\n<h4>Swift delt<\/h4>\n<\/th>\n<th>\n<h4>Swift ekspres delt\/overf&#xF8;rt<\/h4>\n<\/th>\n<\/tr>\n<\/thead>\n<tbody>\n<tr>\n<td><strong>Estland<\/strong><\/td>\n<td>10 EUR*<\/td>\n<td>10 EUR*<\/td>\n<td>&#x2013;<\/td>\n<td>&#x2013;<\/td>\n<td>20 EUR*<\/td>\n<td>20 EUR*<\/td>\n<td>45 EUR*<\/td>\n<td>45 EUR*<\/td>\n<\/tr>\n<tr>\n<td>\n<table>\n<tbody>\n<tr>\n<td><strong>Sverige<\/strong><\/td>\n<\/tr>\n<\/tbody>\n<\/table>\n<\/td>\n<td>100 SEK<\/td>\n<td>100 SEK<\/td>\n<td>100 SEK<\/td>\n<td>200 SEK<\/td>\n<td>220 SEK<\/td>\n<td>280 SEK<\/td>\n<td>300 SEK<\/td>\n<td>500 SEK<\/td>\n<\/tr>\n<tr>\n<td><strong>Denmark<\/strong><\/td>\n<td>20 DKK<\/td>\n<td>60 DKK<\/td>\n<td>50 DKK<\/td>\n<td>200 DKK<\/td>\n<td>200 DKK<\/td>\n<td>350 DKK<\/td>\n<td>350 DKK<\/td>\n<td>400 DKK<\/td>\n<\/tr>\n<tr>\n<td><strong>Bulgarien<\/strong><\/td>\n<td>4 BGN<\/td>\n<td>20 BGN<\/td>\n<td>20 BGN<\/td>\n<td>50 BGN<\/td>\n<td>30 BGN<\/td>\n<td>75 BGN<\/td>\n<td>90 BGN<\/td>\n<td>120 BGN<\/td>\n<\/tr>\n<\/tbody>\n<\/table><\/div>\n<p><em>* Servicegebyret for SEPA-betalinger for bel\u00f8b over 500 euro er 2 %, og for bel\u00f8b over 30 000 euro er det 3 % af bel\u00f8bet.<\/em><br \/>\n<em>* Servicegebyret for SWIFT-betalinger kan variere afh\u00e6ngigt af bel\u00f8bet og destinationslandet.<\/em><\/p>\n","protected":false},"excerpt":{"rendered":"<p>Kontant-til-kontant overf\u00f8rsler &nbsp; * Servicegebyret for bel\u00f8b over 1.000 euro er 3 % af bel\u00f8bet. Prisliste for overf\u00f8rsler &nbsp; * Servicegebyret for SEPA-betalinger for bel\u00f8b over 500 euro er 2 %, og for bel\u00f8b over 30 000 euro er det 3 % af bel\u00f8bet. * Servicegebyret for SWIFT-betalinger kan variere afh\u00e6ngigt af bel\u00f8bet og destinationslandet.<\/p>\n","protected":false},"author":9,"featured_media":0,"parent":0,"menu_order":0,"comment_status":"closed","ping_status":"closed","template":"page-default.php","meta":[],"yoast_head":"<!-- This site is optimized with the Yoast SEO plugin v19.13 - https:\/\/yoast.com\/wordpress\/plugins\/seo\/ -->\n<title>Overf\u00f8r penge - TavexWise prisliste<\/title>\n<meta name=\"description\" content=\"Overf\u00f8r penge til udlandet. Spar tid og penge. Se de lave priser hos TavexWise.\" \/>\n<meta name=\"robots\" content=\"index, follow, max-snippet:-1, max-image-preview:large, max-video-preview:-1\" \/>\n<link rel=\"canonical\" href=\"https:\/\/tavexwise.com\/da\/overfor-penge-tavexwise-prisliste\/\" \/>\n<meta property=\"og:locale\" content=\"da_DK\" \/>\n<meta property=\"og:type\" content=\"article\" \/>\n<meta property=\"og:title\" content=\"Overf\u00f8r penge - TavexWise prisliste\" \/>\n<meta property=\"og:description\" content=\"Overf\u00f8r penge til udlandet. Spar tid og penge. Se de lave priser hos TavexWise.\" \/>\n<meta property=\"og:url\" content=\"https:\/\/tavexwise.com\/da\/overfor-penge-tavexwise-prisliste\/\" \/>\n<meta property=\"og:site_name\" content=\"TavexWise\" \/>\n<meta property=\"article:modified_time\" content=\"2024-06-14T05:51:28+00:00\" \/>\n<meta name=\"twitter:label1\" content=\"Est. reading time\" \/>\n\t<meta name=\"twitter:data1\" content=\"1 minut\" \/>\n<script type=\"application\/ld+json\" class=\"yoast-schema-graph\">{\"@context\":\"https:\/\/schema.org\",\"@graph\":[{\"@type\":\"WebPage\",\"@id\":\"https:\/\/tavexwise.com\/da\/overfor-penge-tavexwise-prisliste\/\",\"url\":\"https:\/\/tavexwise.com\/da\/overfor-penge-tavexwise-prisliste\/\",\"name\":\"Overf\u00f8r penge - TavexWise prisliste\",\"isPartOf\":{\"@id\":\"https:\/\/tavexwise.com\/da\/#website\"},\"datePublished\":\"2015-01-02T05:05:17+00:00\",\"dateModified\":\"2024-06-14T05:51:28+00:00\",\"description\":\"Overf\u00f8r penge til udlandet. Spar tid og penge. Se de lave priser hos TavexWise.\",\"breadcrumb\":{\"@id\":\"https:\/\/tavexwise.com\/da\/overfor-penge-tavexwise-prisliste\/#breadcrumb\"},\"inLanguage\":\"da-DK\",\"potentialAction\":[{\"@type\":\"ReadAction\",\"target\":[\"https:\/\/tavexwise.com\/da\/overfor-penge-tavexwise-prisliste\/\"]}]},{\"@type\":\"BreadcrumbList\",\"@id\":\"https:\/\/tavexwise.com\/da\/overfor-penge-tavexwise-prisliste\/#breadcrumb\",\"itemListElement\":[{\"@type\":\"ListItem\",\"position\":1,\"name\":\"Home\",\"item\":\"https:\/\/tavexwise.com\/da\/\"},{\"@type\":\"ListItem\",\"position\":2,\"name\":\"Overf\u00f8r penge &#8211; TavexWise prisliste\"}]},{\"@type\":\"WebSite\",\"@id\":\"https:\/\/tavexwise.com\/da\/#website\",\"url\":\"https:\/\/tavexwise.com\/da\/\",\"name\":\"TavexWise\",\"description\":\"Send Money Abroad in 5 Minutes with TavexWise\",\"potentialAction\":[{\"@type\":\"SearchAction\",\"target\":{\"@type\":\"EntryPoint\",\"urlTemplate\":\"https:\/\/tavexwise.com\/da\/?s={search_term_string}\"},\"query-input\":\"required name=search_term_string\"}],\"inLanguage\":\"da-DK\"}]}<\/script>\n<!-- \/ Yoast SEO plugin. -->","yoast_head_json":{"title":"Overf\u00f8r penge - TavexWise prisliste","description":"Overf\u00f8r penge til udlandet. Spar tid og penge. Se de lave priser hos TavexWise.","robots":{"index":"index","follow":"follow","max-snippet":"max-snippet:-1","max-image-preview":"max-image-preview:large","max-video-preview":"max-video-preview:-1"},"canonical":"https:\/\/tavexwise.com\/da\/overfor-penge-tavexwise-prisliste\/","og_locale":"da_DK","og_type":"article","og_title":"Overf\u00f8r penge - TavexWise prisliste","og_description":"Overf\u00f8r penge til udlandet. Spar tid og penge. Se de lave priser hos TavexWise.","og_url":"https:\/\/tavexwise.com\/da\/overfor-penge-tavexwise-prisliste\/","og_site_name":"TavexWise","article_modified_time":"2024-06-14T05:51:28+00:00","twitter_misc":{"Est. reading time":"1 minut"},"schema":{"@context":"https:\/\/schema.org","@graph":[{"@type":"WebPage","@id":"https:\/\/tavexwise.com\/da\/overfor-penge-tavexwise-prisliste\/","url":"https:\/\/tavexwise.com\/da\/overfor-penge-tavexwise-prisliste\/","name":"Overf\u00f8r penge - TavexWise prisliste","isPartOf":{"@id":"https:\/\/tavexwise.com\/da\/#website"},"datePublished":"2015-01-02T05:05:17+00:00","dateModified":"2024-06-14T05:51:28+00:00","description":"Overf\u00f8r penge til udlandet. Spar tid og penge. Se de lave priser hos TavexWise.","breadcrumb":{"@id":"https:\/\/tavexwise.com\/da\/overfor-penge-tavexwise-prisliste\/#breadcrumb"},"inLanguage":"da-DK","potentialAction":[{"@type":"ReadAction","target":["https:\/\/tavexwise.com\/da\/overfor-penge-tavexwise-prisliste\/"]}]},{"@type":"BreadcrumbList","@id":"https:\/\/tavexwise.com\/da\/overfor-penge-tavexwise-prisliste\/#breadcrumb","itemListElement":[{"@type":"ListItem","position":1,"name":"Home","item":"https:\/\/tavexwise.com\/da\/"},{"@type":"ListItem","position":2,"name":"Overf\u00f8r penge &#8211; TavexWise prisliste"}]},{"@type":"WebSite","@id":"https:\/\/tavexwise.com\/da\/#website","url":"https:\/\/tavexwise.com\/da\/","name":"TavexWise","description":"Send Money Abroad in 5 Minutes with TavexWise","potentialAction":[{"@type":"SearchAction","target":{"@type":"EntryPoint","urlTemplate":"https:\/\/tavexwise.com\/da\/?s={search_term_string}"},"query-input":"required name=search_term_string"}],"inLanguage":"da-DK"}]}},"_links":{"self":[{"href":"https:\/\/tavexwise.com\/da\/wp-json\/wp\/v2\/pages\/1409"}],"collection":[{"href":"https:\/\/tavexwise.com\/da\/wp-json\/wp\/v2\/pages"}],"about":[{"href":"https:\/\/tavexwise.com\/da\/wp-json\/wp\/v2\/types\/page"}],"author":[{"embeddable":true,"href":"https:\/\/tavexwise.com\/da\/wp-json\/wp\/v2\/users\/9"}],"replies":[{"embeddable":true,"href":"https:\/\/tavexwise.com\/da\/wp-json\/wp\/v2\/comments?post=1409"}],"version-history":[{"count":13,"href":"https:\/\/tavexwise.com\/da\/wp-json\/wp\/v2\/pages\/1409\/revisions"}],"predecessor-version":[{"id":11466,"href":"https:\/\/tavexwise.com\/da\/wp-json\/wp\/v2\/pages\/1409\/revisions\/11466"}],"wp:attachment":[{"href":"https:\/\/tavexwise.com\/da\/wp-json\/wp\/v2\/media?parent=1409"}],"curies":[{"name":"wp","href":"https:\/\/api.w.org\/{rel}","templated":true}]}}